{"id":41290,"date":"2025-04-08T13:26:02","date_gmt":"2025-04-08T10:26:02","guid":{"rendered":"https:\/\/www.saaristonpuoti.fi\/?page_id=41290"},"modified":"2026-04-16T16:02:31","modified_gmt":"2026-04-16T13:02:31","slug":"elamyspuoti","status":"publish","type":"page","link":"https:\/\/www.saaristonpuoti.fi\/fr\/boutique-elamy\/","title":{"rendered":"Magasin d'exp\u00e9rience"},"content":{"rendered":"<div data-elementor-type=\"wp-page\" data-elementor-id=\"41290\" class=\"elementor elementor-41290\">\n\t\t\t\t\t\t\t<div class=\"elementor-element elementor-element-dfd69a8 e-container--column e-container\" data-id=\"dfd69a8\" data-element_type=\"container\">\t\t\t\t<div class=\"elementor-element elementor-element-60787e1 elementor-widget elementor-widget-heading\" data-id=\"60787e1\" data-element_type=\"widget\" data-widget_type=\"heading.default\">\n\t\t\t\t<div class=\"elementor-widget-container\">\n\t\t\t<style>\/*! elementor - v3.6.4 - 13-04-2022 *\/\n.elementor-heading-title{padding:0;margin:0;line-height:1}.elementor-widget-heading .elementor-heading-title[class*=elementor-size-]>a{color:inherit;font-size:inherit;line-height:inherit}.elementor-widget-heading .elementor-heading-title.elementor-size-small{font-size:15px}.elementor-widget-heading .elementor-heading-title.elementor-size-medium{font-size:19px}.elementor-widget-heading .elementor-heading-title.elementor-size-large{font-size:29px}.elementor-widget-heading .elementor-heading-title.elementor-size-xl{font-size:39px}.elementor-widget-heading .elementor-heading-title.elementor-size-xxl{font-size:59px}<\/style><h1 class=\"elementor-heading-title elementor-size-default\">ESPACE DE VIE<\/h1>\t\t<\/div>\n\t\t\t\t<\/div>\n\t\t\t\t<div class=\"elementor-element elementor-element-eb81d0e elementor-widget elementor-widget-text-editor\" data-id=\"eb81d0e\" data-element_type=\"widget\" data-widget_type=\"text-editor.default\">\n\t\t\t\t<div class=\"elementor-widget-container\">\n\t\t\t<style>\/*! elementor - v3.6.4 - 13-04-2022 *\/\n.elementor-widget-text-editor.elementor-drop-cap-view-stacked .elementor-drop-cap{background-color:#818a91;color:#fff}.elementor-widget-text-editor.elementor-drop-cap-view-framed .elementor-drop-cap{color:#818a91;border:3px solid;background-color:transparent}.elementor-widget-text-editor:not(.elementor-drop-cap-view-default) .elementor-drop-cap{margin-top:8px}.elementor-widget-text-editor:not(.elementor-drop-cap-view-default) .elementor-drop-cap-letter{width:1em;height:1em}.elementor-widget-text-editor .elementor-drop-cap{float:left;text-align:center;line-height:1;font-size:50px}.elementor-widget-text-editor .elementor-drop-cap-letter{display:inline-block}<\/style>\t\t\t\t<p><strong>VOUS POUVEZ D\u00c9SORMAIS ACHETER DES CH\u00c8QUES-CADEAUX POUR LES CROISI\u00c8RES DE L'\u00c9T\u00c9 2026 ! UNE LARGE GAMME DE CROISI\u00c8RES EST DISPONIBLE, Y COMPRIS DES CROISI\u00c8RES D\u00c9JEUNER, DES CROISI\u00c8RES COUCHER DE SOLEIL ET D\u00ceNER, DES CROISI\u00c8RES PUB LIVE ! ET DES CROISI\u00c8RES PANORAMIQUES DANS L'ARCHIPEL DE LIPER.<\/strong><\/p><p><em><strong>VENTES AUX GROUPES ET AUX ENTREPRISES, PAR COURRIER \u00c9LECTRONIQUE \u00c0 L'ADRESSE SUIVANTE <a href=\"mailto:MYYNTI@SAARISTONPUOTI.FI\">MYYNTI@SAARISTONPUOTI.FI<\/a><\/strong><\/em><\/p>\t\t\t\t\t\t<\/div>\n\t\t\t\t<\/div>\n\t\t\t\t<div class=\"elementor-element elementor-element-5a53f5f elementor-widget__width-inherit elementor-widget elementor-widget-html\" data-id=\"5a53f5f\" data-element_type=\"widget\" data-widget_type=\"html.default\">\n\t\t\t\t<div class=\"elementor-widget-container\">\n\t\t\t    <div class=\"bokunWidget\" data-src=\"https:\/\/widgets.bokun.io\/online-sales\/16636f67-7269-4387-bf31-3af308292416\/product-list\/88646\"><\/div>\r\n    <noscript>Veuillez activer le javascript dans votre navigateur pour r\u00e9server<\/noscript>\t\t<\/div>\n\t\t\t\t<\/div>\n\t\t\t\t<div class=\"elementor-element elementor-element-e91fcff elementor-widget elementor-widget-heading\" data-id=\"e91fcff\" data-element_type=\"widget\" id=\"lahjakortit\" data-widget_type=\"heading.default\">\n\t\t\t\t<div class=\"elementor-widget-container\">\n\t\t\t<h1 class=\"elementor-heading-title elementor-size-default\">CH\u00c8QUES-CADEAUX DE LA BOUTIQUE DE L'EXP\u00c9RIENCE<\/h1>\t\t<\/div>\n\t\t\t\t<\/div>\n\t\t\t\t<div class=\"elementor-element elementor-element-6dbfb22 elementor-widget__width-inherit elementor-widget elementor-widget-html\" data-id=\"6dbfb22\" data-element_type=\"widget\" data-widget_type=\"html.default\">\n\t\t\t\t<div class=\"elementor-widget-container\">\n\t\t\t<div class=\"bokunWidget\" data-src=\"https:\/\/widgets.bokun.io\/online-sales\/16636f67-7269-4387-bf31-3af308292416\/gift-card\/3177\"><\/div>\r\n    <noscript>Veuillez activer le javascript dans votre navigateur pour r\u00e9server<\/noscript>\t\t<\/div>\n\t\t\t\t<\/div>\n\t\t\t\t<div class=\"elementor-element elementor-element-d8036a2 elementor-widget__width-inherit elementor-widget elementor-widget-html\" data-id=\"d8036a2\" data-element_type=\"widget\" data-widget_type=\"html.default\">\n\t\t\t\t<div class=\"elementor-widget-container\">\n\t\t\t<div class=\"bokunWidget\" data-src=\"https:\/\/widgets.bokun.io\/online-sales\/16636f67-7269-4387-bf31-3af308292416\/gift-card\/3175\"><\/div>\r\n    <noscript>Veuillez activer le javascript dans votre navigateur pour r\u00e9server<\/noscript>\t\t<\/div>\n\t\t\t\t<\/div>\n\t\t<\/div>\t\t\t\t\t<\/div>","protected":false},"excerpt":{"rendered":"<p>EL\u00c4MYSPUOTI KES\u00c4N 2026 RISTEILYILLE VOI NYT OSTAA LAHJAKORTTEJA! TARJOLLA MONIPUOLINEN KATTAUS RISTEILYIT\u00c4 MM. LOUNASRISTEILYT, SUNSET &amp; DINE -RISTEILYT, PUOTI LIVE! -RISTEILYT, SEK\u00c4 MAISEMARISTEILYT LIPERIN SAARISTOSSA. RYHM\u00c4- &amp; YRITYSMYYNTI, S\u00c4HK\u00d6POSTILLA OSOITTEESTA: MYYNTI@SAARISTONPUOTI.FI Please enable javascript in your browser to book EL\u00c4MYSPUOTI LAHJAKORTIT Please enable javascript in your browser to book Please enable javascript in your browser [&hellip;]<\/p>","protected":false},"author":1,"featured_media":0,"parent":0,"menu_order":0,"comment_status":"closed","ping_status":"closed","template":"elementor_header_footer","meta":{"_acf_changed":false,"footnotes":""},"class_list":["post-41290","page","type-page","status-publish","hentry"],"acf":[],"jetpack_sharing_enabled":true,"_links":{"self":[{"href":"https:\/\/www.saaristonpuoti.fi\/fr\/wp-json\/wp\/v2\/pages\/41290","targetHints":{"allow":["GET"]}}],"collection":[{"href":"https:\/\/www.saaristonpuoti.fi\/fr\/wp-json\/wp\/v2\/pages"}],"about":[{"href":"https:\/\/www.saaristonpuoti.fi\/fr\/wp-json\/wp\/v2\/types\/page"}],"author":[{"embeddable":true,"href":"https:\/\/www.saaristonpuoti.fi\/fr\/wp-json\/wp\/v2\/users\/1"}],"replies":[{"embeddable":true,"href":"https:\/\/www.saaristonpuoti.fi\/fr\/wp-json\/wp\/v2\/comments?post=41290"}],"version-history":[{"count":76,"href":"https:\/\/www.saaristonpuoti.fi\/fr\/wp-json\/wp\/v2\/pages\/41290\/revisions"}],"predecessor-version":[{"id":42320,"href":"https:\/\/www.saaristonpuoti.fi\/fr\/wp-json\/wp\/v2\/pages\/41290\/revisions\/42320"}],"wp:attachment":[{"href":"https:\/\/www.saaristonpuoti.fi\/fr\/wp-json\/wp\/v2\/media?parent=41290"}],"curies":[{"name":"wp","href":"https:\/\/api.w.org\/{rel}","templated":true}]}}