{"id":40715,"date":"2024-06-04T21:27:17","date_gmt":"2024-06-04T18:27:17","guid":{"rendered":"https:\/\/www.saaristonpuoti.fi\/?page_id=40715"},"modified":"2024-07-07T19:07:24","modified_gmt":"2024-07-07T16:07:24","slug":"pizza-tasting-elamys","status":"publish","type":"page","link":"https:\/\/www.saaristonpuoti.fi\/fr\/degustation-de-pizzas-elamys\/","title":{"rendered":"D\u00e9gustation de pizzas @Saariston Puoti"},"content":{"rendered":"<div data-elementor-type=\"wp-page\" data-elementor-id=\"40715\" class=\"elementor elementor-40715\">\n\t\t\t\t\t\t\t<div class=\"elementor-element elementor-element-7ea1c21 e-container--column e-container\" data-id=\"7ea1c21\" data-element_type=\"container\" data-settings=\"{&quot;background_background&quot;:&quot;classic&quot;}\">\t\t\t\t<div class=\"elementor-element elementor-element-1c0208c elementor-widget elementor-widget-heading\" data-id=\"1c0208c\" data-element_type=\"widget\" data-widget_type=\"heading.default\">\n\t\t\t\t<div class=\"elementor-widget-container\">\n\t\t\t<style>\/*! elementor - v3.6.4 - 13-04-2022 *\/\n.elementor-heading-title{padding:0;margin:0;line-height:1}.elementor-widget-heading .elementor-heading-title[class*=elementor-size-]>a{color:inherit;font-size:inherit;line-height:inherit}.elementor-widget-heading .elementor-heading-title.elementor-size-small{font-size:15px}.elementor-widget-heading .elementor-heading-title.elementor-size-medium{font-size:19px}.elementor-widget-heading .elementor-heading-title.elementor-size-large{font-size:29px}.elementor-widget-heading .elementor-heading-title.elementor-size-xl{font-size:39px}.elementor-widget-heading .elementor-heading-title.elementor-size-xxl{font-size:59px}<\/style><h1 class=\"elementor-heading-title elementor-size-default\">D\u00e9gustation de pizzas<\/h1>\t\t<\/div>\n\t\t\t\t<\/div>\n\t\t\t\t<div class=\"elementor-element elementor-element-1c23b2d elementor-widget elementor-widget-heading\" data-id=\"1c23b2d\" data-element_type=\"widget\" data-widget_type=\"heading.default\">\n\t\t\t\t<div class=\"elementor-widget-container\">\n\t\t\t<h1 class=\"elementor-heading-title elementor-size-default\">Vivez une soir\u00e9e d'\u00e9t\u00e9 unique avec de la bonne nourriture et des boissons !<\/h1>\t\t<\/div>\n\t\t\t\t<\/div>\n\t\t<\/div><div class=\"elementor-element elementor-element-4c58e95 e-container--column e-container\" data-id=\"4c58e95\" data-element_type=\"container\" id=\"lisatiedot\" data-settings=\"{&quot;background_background&quot;:&quot;classic&quot;}\">\t\t\t\t<div class=\"elementor-element elementor-element-3a552ce elementor-widget elementor-widget-heading\" data-id=\"3a552ce\" data-element_type=\"widget\" data-widget_type=\"heading.default\">\n\t\t\t\t<div class=\"elementor-widget-container\">\n\t\t\t<h2 class=\"elementor-heading-title elementor-size-default\">Qu'est-ce qu'une d\u00e9gustation de pizzas ?<\/h2>\t\t<\/div>\n\t\t\t\t<\/div>\n\t\t\t\t<div class=\"elementor-element elementor-element-15af456 elementor-widget elementor-widget-text-editor\" data-id=\"15af456\" data-element_type=\"widget\" data-widget_type=\"text-editor.default\">\n\t\t\t\t<div class=\"elementor-widget-container\">\n\t\t\t<style>\/*! elementor - v3.6.4 - 13-04-2022 *\/\n.elementor-widget-text-editor.elementor-drop-cap-view-stacked .elementor-drop-cap{background-color:#818a91;color:#fff}.elementor-widget-text-editor.elementor-drop-cap-view-framed .elementor-drop-cap{color:#818a91;border:3px solid;background-color:transparent}.elementor-widget-text-editor:not(.elementor-drop-cap-view-default) .elementor-drop-cap{margin-top:8px}.elementor-widget-text-editor:not(.elementor-drop-cap-view-default) .elementor-drop-cap-letter{width:1em;height:1em}.elementor-widget-text-editor .elementor-drop-cap{float:left;text-align:center;line-height:1;font-size:50px}.elementor-widget-text-editor .elementor-drop-cap-letter{display:inline-block}<\/style>\t\t\t\t<p>L'exp\u00e9rience de d\u00e9gustation de pizzas Puodi a lieu tous les mercredis de l'\u00e9t\u00e9 (19.6.-7.8.2024) \u00e0 partir de 20h00.<\/p><p>La d\u00e9gustation de pizzas vous permet d'appr\u00e9cier une grande vari\u00e9t\u00e9 de plats de Puodi dans le cadre d'un menu d\u00e9gustation. Le menu se compose d'un ap\u00e9ritif, d'une entr\u00e9e, d'un plat principal et d'un dessert.<\/p><p>Vous pouvez \u00e9galement vous rendre \u00e0 la d\u00e9gustation de pizzas en partant de Joensuu le mercredi sur le M\/S Sinivuoko ! Et le mercredi 17 juillet sur le bateau \u00e0 vapeur S\/S Paul Wahl. Consultez le programme d\u00e9taill\u00e9 des croisi\u00e8res ci-dessous !<\/p><p>Cet \u00e9t\u00e9, vous pouvez \u00e9galement participer \u00e0 la d\u00e9gustation de pizzas sans croisi\u00e8re\/transport. Si vous arrivez avec votre propre v\u00e9hicule, cliquez sur le bouton \"R\u00e9server une d\u00e9gustation\" ci-dessous et vous pourrez r\u00e9server sans le forfait croisi\u00e8re.<\/p>\t\t\t\t\t\t<\/div>\n\t\t\t\t<\/div>\n\t\t<\/div><div class=\"elementor-element elementor-element-7f4fcfc e-container--row e-container\" data-id=\"7f4fcfc\" data-element_type=\"container\" data-settings=\"{&quot;background_background&quot;:&quot;classic&quot;}\">\t\t\t\t<div class=\"elementor-element elementor-element-b320717 elementor-widget elementor-widget-heading\" data-id=\"b320717\" data-element_type=\"widget\" data-widget_type=\"heading.default\">\n\t\t\t\t<div class=\"elementor-widget-container\">\n\t\t\t<h2 class=\"elementor-heading-title elementor-size-default\">LA CONSTRUCTION D'EXP\u00c9RIENCES<\/h2>\t\t<\/div>\n\t\t\t\t<\/div>\n\t\t<\/div><div class=\"elementor-element elementor-element-a12e913 e-container--row e-container\" data-id=\"a12e913\" data-element_type=\"container\" data-settings=\"{&quot;background_background&quot;:&quot;classic&quot;}\">\t\t<div class=\"elementor-element elementor-element-5201c16 e-container--column e-container\" data-id=\"5201c16\" data-element_type=\"container\">\t\t\t\t<div class=\"elementor-element elementor-element-0526aa5 elementor-widget elementor-widget-image\" data-id=\"0526aa5\" data-element_type=\"widget\" data-widget_type=\"image.default\">\n\t\t\t\t<div class=\"elementor-widget-container\">\n\t\t\t<style>\/*! elementor - v3.6.4 - 13-04-2022 *\/\n.elementor-widget-image{text-align:center}.elementor-widget-image a{display:inline-block}.elementor-widget-image a img[src$=\".svg\"]{width:48px}.elementor-widget-image img{vertical-align:middle;display:inline-block}<\/style>\t\t\t\t\t\t\t\t\t\t\t\t\t<a href=\"https:\/\/www.vipcruise.info\/\" target=\"_blank\" rel=\"noopener\">\n\t\t\t\t\t\t\t<img loading=\"lazy\" decoding=\"async\" width=\"115\" height=\"96\" src=\"https:\/\/www.saaristonpuoti.fi\/wp-content\/uploads\/2024\/07\/logo.svg\" class=\"attachment-full size-full\" alt=\"\" \/>\t\t\t\t\t\t\t\t<\/a>\n\t\t\t\t\t\t\t\t\t\t\t\t\t\t\t<\/div>\n\t\t\t\t<\/div>\n\t\t<\/div><div class=\"elementor-element elementor-element-5e3c8f1 e-container--column e-container\" data-id=\"5e3c8f1\" data-element_type=\"container\">\t\t\t\t<div class=\"elementor-element elementor-element-556d338 elementor-widget elementor-widget-image\" data-id=\"556d338\" data-element_type=\"widget\" data-widget_type=\"image.default\">\n\t\t\t\t<div class=\"elementor-widget-container\">\n\t\t\t\t\t\t\t\t\t\t\t\t\t\t\t\t<a href=\"https:\/\/pohjoiskarjalanlaiva.fi\/\" target=\"_blank\" rel=\"noopener\">\n\t\t\t\t\t\t\t<img loading=\"lazy\" decoding=\"async\" width=\"462\" height=\"462\" src=\"https:\/\/www.saaristonpuoti.fi\/wp-content\/uploads\/2024\/07\/laivan_logo_lp_235.png\" class=\"attachment-full size-full\" alt=\"\" srcset=\"https:\/\/www.saaristonpuoti.fi\/wp-content\/uploads\/2024\/07\/laivan_logo_lp_235.png 462w, https:\/\/www.saaristonpuoti.fi\/wp-content\/uploads\/2024\/07\/laivan_logo_lp_235-300x300.png 300w, https:\/\/www.saaristonpuoti.fi\/wp-content\/uploads\/2024\/07\/laivan_logo_lp_235-150x150.png 150w, https:\/\/www.saaristonpuoti.fi\/wp-content\/uploads\/2024\/07\/laivan_logo_lp_235-400x400.png 400w, https:\/\/www.saaristonpuoti.fi\/wp-content\/uploads\/2024\/07\/laivan_logo_lp_235-100x100.png 100w, https:\/\/www.saaristonpuoti.fi\/wp-content\/uploads\/2024\/07\/laivan_logo_lp_235-32x32.png 32w\" sizes=\"auto, (max-width: 462px) 100vw, 462px\" \/>\t\t\t\t\t\t\t\t<\/a>\n\t\t\t\t\t\t\t\t\t\t\t\t\t\t\t<\/div>\n\t\t\t\t<\/div>\n\t\t<\/div><div class=\"elementor-element elementor-element-991552d e-container--column e-container\" data-id=\"991552d\" data-element_type=\"container\">\t\t\t\t<div class=\"elementor-element elementor-element-d3154f8 elementor-widget elementor-widget-image\" data-id=\"d3154f8\" data-element_type=\"widget\" data-widget_type=\"image.default\">\n\t\t\t\t<div class=\"elementor-widget-container\">\n\t\t\t\t\t\t\t\t\t\t\t\t\t\t\t\t<a href=\"https:\/\/hojo-matkat.fi\/\" target=\"_blank\" rel=\"noopener\">\n\t\t\t\t\t\t\t<img loading=\"lazy\" decoding=\"async\" width=\"640\" height=\"101\" src=\"https:\/\/www.saaristonpuoti.fi\/wp-content\/uploads\/2024\/07\/0296c57e-987f-49de-8664-db8dd3e12f40.png\" class=\"attachment-full size-full\" alt=\"\" srcset=\"https:\/\/www.saaristonpuoti.fi\/wp-content\/uploads\/2024\/07\/0296c57e-987f-49de-8664-db8dd3e12f40.png 640w, https:\/\/www.saaristonpuoti.fi\/wp-content\/uploads\/2024\/07\/0296c57e-987f-49de-8664-db8dd3e12f40-300x47.png 300w, https:\/\/www.saaristonpuoti.fi\/wp-content\/uploads\/2024\/07\/0296c57e-987f-49de-8664-db8dd3e12f40-600x95.png 600w\" sizes=\"auto, (max-width: 640px) 100vw, 640px\" \/>\t\t\t\t\t\t\t\t<\/a>\n\t\t\t\t\t\t\t\t\t\t\t\t\t\t\t<\/div>\n\t\t\t\t<\/div>\n\t\t<\/div><\/div><div class=\"elementor-element elementor-element-cb840e2 e-container--row e-container\" data-id=\"cb840e2\" data-element_type=\"container\" data-settings=\"{&quot;background_background&quot;:&quot;classic&quot;}\">\t\t<div class=\"elementor-element elementor-element-29a3444 e-container--column e-container\" data-id=\"29a3444\" data-element_type=\"container\">\t\t\t\t<div class=\"elementor-element elementor-element-923798e elementor-align-right elementor-mobile-align-center elementor-widget elementor-widget-button\" data-id=\"923798e\" data-element_type=\"widget\" data-widget_type=\"button.default\">\n\t\t\t\t<div class=\"elementor-widget-container\">\n\t\t\t\t\t<div class=\"elementor-button-wrapper\">\n\t\t\t<a href=\"#varaa\" class=\"elementor-button-link elementor-button elementor-size-lg\" role=\"button\">\n\t\t\t\t\t\t<span class=\"elementor-button-content-wrapper\">\n\t\t\t\t\t\t<span class=\"elementor-button-text\">D\u00c9GUSTATION DE LIVRES<\/span>\n\t\t<\/span>\n\t\t\t\t\t<\/a>\n\t\t<\/div>\n\t\t\t\t<\/div>\n\t\t\t\t<\/div>\n\t\t<\/div><div class=\"elementor-element elementor-element-2487773 e-container--column e-container\" data-id=\"2487773\" data-element_type=\"container\">\t\t\t\t<div class=\"elementor-element elementor-element-9a18ec5 elementor-align-center elementor-mobile-align-center elementor-widget elementor-widget-button\" data-id=\"9a18ec5\" data-element_type=\"widget\" data-widget_type=\"button.default\">\n\t\t\t\t<div class=\"elementor-widget-container\">\n\t\t\t\t\t<div class=\"elementor-button-wrapper\">\n\t\t\t<a href=\"#risteily\" class=\"elementor-button-link elementor-button elementor-size-lg\" role=\"button\">\n\t\t\t\t\t\t<span class=\"elementor-button-content-wrapper\">\n\t\t\t\t\t\t<span class=\"elementor-button-text\">R\u00c9SERVER UNE CROISI\u00c8RE ET UNE D\u00c9GUSTATION<\/span>\n\t\t<\/span>\n\t\t\t\t\t<\/a>\n\t\t<\/div>\n\t\t\t\t<\/div>\n\t\t\t\t<\/div>\n\t\t<\/div><div class=\"elementor-element elementor-element-ed4ab4a e-container--column e-container\" data-id=\"ed4ab4a\" data-element_type=\"container\">\t\t\t\t<div class=\"elementor-element elementor-element-278706a elementor-align-left elementor-mobile-align-center elementor-widget elementor-widget-button\" data-id=\"278706a\" data-element_type=\"widget\" data-widget_type=\"button.default\">\n\t\t\t\t<div class=\"elementor-widget-container\">\n\t\t\t\t\t<div class=\"elementor-button-wrapper\">\n\t\t\t<a href=\"#lisatiedot\" class=\"elementor-button-link elementor-button elementor-size-lg\" role=\"button\">\n\t\t\t\t\t\t<span class=\"elementor-button-content-wrapper\">\n\t\t\t\t\t\t<span class=\"elementor-button-text\">LIRE LA SUITE<\/span>\n\t\t<\/span>\n\t\t\t\t\t<\/a>\n\t\t<\/div>\n\t\t\t\t<\/div>\n\t\t\t\t<\/div>\n\t\t<\/div><\/div><div class=\"elementor-element elementor-element-65c5002 e-container--row e-container\" data-id=\"65c5002\" data-element_type=\"container\" data-settings=\"{&quot;background_background&quot;:&quot;classic&quot;}\">\t\t<div class=\"elementor-element elementor-element-b2462c1 e-container--column e-container\" data-id=\"b2462c1\" data-element_type=\"container\">\t\t\t\t<div class=\"elementor-element elementor-element-dd9ff36 elementor-widget elementor-widget-text-editor\" data-id=\"dd9ff36\" data-element_type=\"widget\" data-widget_type=\"text-editor.default\">\n\t\t\t\t<div class=\"elementor-widget-container\">\n\t\t\t\t\t\t\t<p><b>Le contenu du menu D\u00e9gustation de pizzas :<\/b><\/p><p><span style=\"font-weight: 400;\">- Boisson de bienvenue (prosecco 12 cl 11% ou alternative non alcoolis\u00e9e)<\/span><\/p><p><span style=\"font-weight: 400;\">- Salade C\u00e9sar Puodi en entr\u00e9e (G, L)<\/span><\/p><p><span style=\"font-weight: 400;\">- Pour le plat principal, une d\u00e9gustation de pizzas, o\u00f9 vous pouvez go\u00fbter 4 pizzas diff\u00e9rentes de la carte des pizzas Puodi. Les pizzas sont servies en tranches. Chaque convive d\u00e9guste une pizza enti\u00e8re.<\/span><\/p><p><span style=\"font-weight: 400;\">- Pour le dessert, des glaces artisanales locales (dont les parfums peuvent \u00eatre choisis librement selon les souhaits de chaque convive), du caf\u00e9 et du th\u00e9.<\/span><\/p><p><span style=\"font-weight: 400;\">- L'eau et le soda sont inclus dans le prix du forfait d\u00e9gustation, les autres boissons peuvent \u00eatre achet\u00e9es librement parmi la s\u00e9lection du restaurant.<\/span><\/p><p><span style=\"font-weight: 400;\">Chaque d\u00e9gustation de pizza est unique et les pizzas sont con\u00e7ues en cuisine en fonction des ingr\u00e9dients de saison. Pour consulter la carte des pizzas, cliquez sur le lien ci-dessous : <a href=\"https:\/\/www.saaristonpuoti.fi\/fr\/liste-des-pizzas\/\">www.saaristonpuoti.fi\/pizzalista\/<\/a><\/span><\/p><p><span style=\"font-weight: 400;\">Pour la d\u00e9gustation de pizzas, nous pouvons nous adapter \u00e0 des r\u00e9gimes sp\u00e9ciaux tels que les r\u00e9gimes sans gluten, v\u00e9g\u00e9talien et v\u00e9g\u00e9tarien. Dans ce cas, nous pr\u00e9parerons une pizza de style \"quattro stagioni\" avec diff\u00e9rentes combinaisons de saveurs ou, selon la demande du client, une pizza de son choix dans le menu. Les r\u00e9gimes alimentaires particuliers doivent \u00eatre signal\u00e9s au moment de la r\u00e9servation.<\/span><\/p><p><span style=\"font-weight: 400;\">Prix : d\u00e9gustation de pizzas 39\u20ac\/personne<\/span><\/p>\t\t\t\t\t\t<\/div>\n\t\t\t\t<\/div>\n\t\t<\/div><div class=\"elementor-element elementor-element-c5b48c2 e-container--column e-container\" data-id=\"c5b48c2\" data-element_type=\"container\" id=\"risteily\" data-settings=\"{&quot;background_background&quot;:&quot;classic&quot;}\">\t\t\t\t<div class=\"elementor-element elementor-element-973d9d5 elementor-widget elementor-widget-text-editor\" data-id=\"973d9d5\" data-element_type=\"widget\" data-widget_type=\"text-editor.default\">\n\t\t\t\t<div class=\"elementor-widget-container\">\n\t\t\t\t\t\t\t<p><b>D\u00e9gustation de pizzas et dates de croisi\u00e8re<\/b><\/p><p><span style=\"font-weight: 400;\">10.7.2024 \u00e0 20:00 (Croisi\u00e8re M\/S Sinivuokko, d\u00e9part de Joensuu \u00e0 18:00)<\/span><\/p><p><span style=\"font-weight: 400;\">17.7.2024 \u00e0 20:00 (croisi\u00e8re \u00e0 vapeur S\/S Paul Wahl, d\u00e9part de Joensuu \u00e0 19:00)<\/span><\/p><p><span style=\"font-weight: 400;\">24.7.2024 \u00e0 20:00 (Croisi\u00e8re M\/S Sinivuokko, d\u00e9part de Joensuu \u00e0 18:00)<\/span><\/p><p><span style=\"font-weight: 400;\">31.7.2024 \u00e0 20:00 (Croisi\u00e8re M\/S Sinivuokko, d\u00e9part de Joensuu \u00e0 18:00)<\/span><\/p><p><b>Nous annoncerons toute croisi\u00e8re suppl\u00e9mentaire sur cette page, ainsi que sur nos canaux de m\u00e9dias sociaux.<\/b><\/p><p>\u00a0<\/p><p><strong>Prix<\/strong><\/p><p>M\/S Sinivuokko - Croisi\u00e8re aller-retour 60\u20ac\/personne<\/p><p>S\/S Paul Wahl - Croisi\u00e8re (aller-retour) 39\u20ac\/personne<\/p><p>D\u00e9gustation de pizzas 39\u20ac\/personne<\/p><p><em>Pour plus d'informations et les horaires, voir les liens ci-dessous.<\/em><\/p>\t\t\t\t\t\t<\/div>\n\t\t\t\t<\/div>\n\t\t\t\t<div class=\"elementor-element elementor-element-e8f90dd elementor-align-center elementor-mobile-align-center bokunButton elementor-widget elementor-widget-button\" data-id=\"e8f90dd\" data-element_type=\"widget\" id=\"bokun_8edc66d1_c9c4_4d3f_82b0_ead2fa0fab33\" data-src=\"&quot;https:\/\/widgets.bokun.io\/online-sales\/16636f67-7269-4387-bf31-3af308292416\/experience\/888389?partialView=1&quot;\" data-testid=\"widget-book-button\" data-widget_type=\"button.default\">\n\t\t\t\t<div class=\"elementor-widget-container\">\n\t\t\t\t\t<div class=\"elementor-button-wrapper\">\n\t\t\t<a class=\"elementor-button elementor-size-lg\" role=\"button\" id=\"bokun_8edc66d1_c9c4_4d3f_82b0_ead2fa0fab33\">\n\t\t\t\t\t\t<span class=\"elementor-button-content-wrapper\">\n\t\t\t\t\t\t<span class=\"elementor-button-text\">R\u00c9SERVER UNE CROISI\u00c8RE AVEC LE M\/S BLUEIVUOKO<\/span>\n\t\t<\/span>\n\t\t\t\t\t<\/a>\n\t\t<\/div>\n\t\t\t\t<\/div>\n\t\t\t\t<\/div>\n\t\t\t\t<div class=\"elementor-element elementor-element-0002619 elementor-align-center elementor-mobile-align-center elementor-widget elementor-widget-button\" data-id=\"0002619\" data-element_type=\"widget\" data-widget_type=\"button.default\">\n\t\t\t\t<div class=\"elementor-widget-container\">\n\t\t\t\t\t<div class=\"elementor-button-wrapper\">\n\t\t\t<a href=\"https:\/\/www.saaristonpuoti.fi\/tuote\/hoyrylaivaristeily-sunset-dine-17-7-2024\/\" target=\"_blank\" class=\"elementor-button-link elementor-button elementor-size-lg\" role=\"button\">\n\t\t\t\t\t\t<span class=\"elementor-button-content-wrapper\">\n\t\t\t\t\t\t<span class=\"elementor-button-text\">R\u00c9SERVER UNE CROISI\u00c8RE EN BATEAU \u00c0 VAPEUR S\/S PAUL WAHL<\/span>\n\t\t<\/span>\n\t\t\t\t\t<\/a>\n\t\t<\/div>\n\t\t\t\t<\/div>\n\t\t\t\t<\/div>\n\t\t\t\t<div class=\"elementor-element elementor-element-9494bba elementor-align-center elementor-mobile-align-center elementor-widget elementor-widget-button\" data-id=\"9494bba\" data-element_type=\"widget\" data-widget_type=\"button.default\">\n\t\t\t\t<div class=\"elementor-widget-container\">\n\t\t\t\t\t<div class=\"elementor-button-wrapper\">\n\t\t\t<a href=\"#varaa\" target=\"_blank\" class=\"elementor-button-link elementor-button elementor-size-lg\" role=\"button\">\n\t\t\t\t\t\t<span class=\"elementor-button-content-wrapper\">\n\t\t\t\t\t\t<span class=\"elementor-button-text\">D\u00c9GUSTATION DE LIVRES<\/span>\n\t\t<\/span>\n\t\t\t\t\t<\/a>\n\t\t<\/div>\n\t\t\t\t<\/div>\n\t\t\t\t<\/div>\n\t\t<\/div><\/div><div class=\"elementor-element elementor-element-59f8ec9 e-container--row e-container\" data-id=\"59f8ec9\" data-element_type=\"container\" id=\"varaa\">\t\t\t\t<div class=\"elementor-element elementor-element-6f719d1 elementor-widget elementor-widget-heading\" data-id=\"6f719d1\" data-element_type=\"widget\" data-widget_type=\"heading.default\">\n\t\t\t\t<div class=\"elementor-widget-container\">\n\t\t\t<h2 class=\"elementor-heading-title elementor-size-default\">R\u00c9SERVER UNE D\u00c9GUSTATION DE PIZZAS SANS CROISI\u00c8RE\/TRANSPORT<\/h2>\t\t<\/div>\n\t\t\t\t<\/div>\n\t\t<\/div><div class=\"elementor-element elementor-element-2f295c1 e-container--column e-container\" data-id=\"2f295c1\" data-element_type=\"container\">\t\t\t\t<div class=\"elementor-element elementor-element-ccb117b elementor-widget elementor-widget-shortcode\" data-id=\"ccb117b\" data-element_type=\"widget\" data-widget_type=\"shortcode.default\">\n\t\t\t\t<div class=\"elementor-widget-container\">\n\t\t\t\t\t<div class=\"elementor-shortcode\"><div class=\"latepoint-book-form-wrapper os-loading os_init_booking_form\" id=\"latepointBookForm_69d6978a8206c\" data-show-services=\"2\" data-selected-agent=\"any\" data-hide-side-panel=\"no\" >\n\t\t\t\t\t\t<div class=\"latepoint-w latepoint-inline-form latepoint-show-side-panel\">\n\t\t\t\t\t\t\t<div class=\"latepoint-booking-form-element\">\n\t\t\t\t\t\t\t\t<div class=\"latepoint-side-panel\"><\/div>\n\t\t\t\t\t\t\t\t<div class=\"latepoint-form-w\"><\/div>\n\t\t\t\t\t\t\t<\/div>\n\t\t\t\t\t\t<\/div>\n\t\t\t\t\t<\/div><\/div>\n\t\t\t\t<\/div>\n\t\t\t\t<\/div>\n\t\t<\/div><div class=\"elementor-element elementor-element-864482d e-container--row e-container\" data-id=\"864482d\" data-element_type=\"container\">\t\t<div class=\"elementor-element elementor-element-99cee1a e-container--column e-container\" data-id=\"99cee1a\" data-element_type=\"container\">\t\t\t\t<div class=\"elementor-element elementor-element-8d18452 elementor-align-right elementor-mobile-align-center elementor-widget elementor-widget-button\" data-id=\"8d18452\" data-element_type=\"widget\" data-widget_type=\"button.default\">\n\t\t\t\t<div class=\"elementor-widget-container\">\n\t\t\t\t\t<div class=\"elementor-button-wrapper\">\n\t\t\t<a href=\"#varaa\" class=\"elementor-button-link elementor-button elementor-size-lg\" role=\"button\">\n\t\t\t\t\t\t<span class=\"elementor-button-content-wrapper\">\n\t\t\t\t\t\t<span class=\"elementor-button-text\">D\u00c9GUSTATION DE LIVRES<\/span>\n\t\t<\/span>\n\t\t\t\t\t<\/a>\n\t\t<\/div>\n\t\t\t\t<\/div>\n\t\t\t\t<\/div>\n\t\t<\/div><div class=\"elementor-element elementor-element-20fe166 e-container--column e-container\" data-id=\"20fe166\" data-element_type=\"container\">\t\t\t\t<div class=\"elementor-element elementor-element-54e13bf elementor-align-center elementor-mobile-align-center elementor-widget elementor-widget-button\" data-id=\"54e13bf\" data-element_type=\"widget\" data-widget_type=\"button.default\">\n\t\t\t\t<div class=\"elementor-widget-container\">\n\t\t\t\t\t<div class=\"elementor-button-wrapper\">\n\t\t\t<a href=\"#risteily\" class=\"elementor-button-link elementor-button elementor-size-lg\" role=\"button\">\n\t\t\t\t\t\t<span class=\"elementor-button-content-wrapper\">\n\t\t\t\t\t\t<span class=\"elementor-button-text\">R\u00c9SERVER UNE CROISI\u00c8RE ET UNE D\u00c9GUSTATION<\/span>\n\t\t<\/span>\n\t\t\t\t\t<\/a>\n\t\t<\/div>\n\t\t\t\t<\/div>\n\t\t\t\t<\/div>\n\t\t<\/div><div class=\"elementor-element elementor-element-63a5562 e-container--column e-container\" data-id=\"63a5562\" data-element_type=\"container\">\t\t\t\t<div class=\"elementor-element elementor-element-669b7aa elementor-align-left elementor-mobile-align-center elementor-widget elementor-widget-button\" data-id=\"669b7aa\" data-element_type=\"widget\" data-widget_type=\"button.default\">\n\t\t\t\t<div class=\"elementor-widget-container\">\n\t\t\t\t\t<div class=\"elementor-button-wrapper\">\n\t\t\t<a href=\"#lisatiedot\" class=\"elementor-button-link elementor-button elementor-size-lg\" role=\"button\">\n\t\t\t\t\t\t<span class=\"elementor-button-content-wrapper\">\n\t\t\t\t\t\t<span class=\"elementor-button-text\">LIRE LA SUITE<\/span>\n\t\t<\/span>\n\t\t\t\t\t<\/a>\n\t\t<\/div>\n\t\t\t\t<\/div>\n\t\t\t\t<\/div>\n\t\t<\/div><\/div>\t\t\t\t\t<\/div>","protected":false},"excerpt":{"rendered":"<p>D\u00e9gustation de pizzas Vivez une soir\u00e9e d'\u00e9t\u00e9 unique avec de la bonne nourriture et des boissons ! Qu'est-ce que la d\u00e9gustation de pizzas ? L'exp\u00e9rience Puodi Pizza Tasting a lieu tous les mercredis de l'\u00e9t\u00e9 (19.6.-7.8.2024) \u00e0 partir de 20h00. Lors de la d\u00e9gustation de pizzas, vous pourrez d\u00e9guster une vari\u00e9t\u00e9 de plats Puodi dans le cadre d'un menu d\u00e9gustation. Le menu se compose d'un ap\u00e9ritif, d'une entr\u00e9e, d'un plat principal et d'un dessert. Vous pouvez \u00e9galement vous rendre \u00e0 la d\u00e9gustation de pizzas en partant de Joensuu le mercredi \u00e0 bord du M\/S Sinivuoko ! Ainsi que le mercredi 17 juillet [...]<\/p>","protected":false},"author":1,"featured_media":0,"parent":0,"menu_order":0,"comment_status":"closed","ping_status":"closed","template":"","meta":{"_acf_changed":false,"footnotes":""},"class_list":["post-40715","page","type-page","status-publish","hentry"],"acf":[],"jetpack_sharing_enabled":true,"_links":{"self":[{"href":"https:\/\/www.saaristonpuoti.fi\/fr\/wp-json\/wp\/v2\/pages\/40715","targetHints":{"allow":["GET"]}}],"collection":[{"href":"https:\/\/www.saaristonpuoti.fi\/fr\/wp-json\/wp\/v2\/pages"}],"about":[{"href":"https:\/\/www.saaristonpuoti.fi\/fr\/wp-json\/wp\/v2\/types\/page"}],"author":[{"embeddable":true,"href":"https:\/\/www.saaristonpuoti.fi\/fr\/wp-json\/wp\/v2\/users\/1"}],"replies":[{"embeddable":true,"href":"https:\/\/www.saaristonpuoti.fi\/fr\/wp-json\/wp\/v2\/comments?post=40715"}],"version-history":[{"count":115,"href":"https:\/\/www.saaristonpuoti.fi\/fr\/wp-json\/wp\/v2\/pages\/40715\/revisions"}],"predecessor-version":[{"id":40988,"href":"https:\/\/www.saaristonpuoti.fi\/fr\/wp-json\/wp\/v2\/pages\/40715\/revisions\/40988"}],"wp:attachment":[{"href":"https:\/\/www.saaristonpuoti.fi\/fr\/wp-json\/wp\/v2\/media?parent=40715"}],"curies":[{"name":"wp","href":"https:\/\/api.w.org\/{rel}","templated":true}]}}