{"id":40540,"date":"2024-05-03T17:28:58","date_gmt":"2024-05-03T14:28:58","guid":{"rendered":"https:\/\/www.saaristonpuoti.fi\/?page_id=40540"},"modified":"2026-04-18T14:27:43","modified_gmt":"2026-04-18T11:27:43","slug":"aitienpaiva-menu","status":"publish","type":"page","link":"https:\/\/www.saaristonpuoti.fi\/fr\/fence-keeping-menu-2024\/","title":{"rendered":"Menu de la f\u00eate des m\u00e8res 2025"},"content":{"rendered":"<div data-elementor-type=\"wp-page\" data-elementor-id=\"40540\" class=\"elementor elementor-40540\">\n\t\t\t\t\t\t\t<div class=\"elementor-element elementor-element-4bf5cfa e-container--row e-container\" data-id=\"4bf5cfa\" data-element_type=\"container\">\t\t\t\t<div class=\"elementor-element elementor-element-37ec303 elementor-widget-mobile__width-inherit elementor-widget elementor-widget-text-editor\" data-id=\"37ec303\" data-element_type=\"widget\" data-widget_type=\"text-editor.default\">\n\t\t\t\t<div class=\"elementor-widget-container\">\n\t\t\t<style>\/*! elementor - v3.6.4 - 13-04-2022 *\/\n.elementor-widget-text-editor.elementor-drop-cap-view-stacked .elementor-drop-cap{background-color:#818a91;color:#fff}.elementor-widget-text-editor.elementor-drop-cap-view-framed .elementor-drop-cap{color:#818a91;border:3px solid;background-color:transparent}.elementor-widget-text-editor:not(.elementor-drop-cap-view-default) .elementor-drop-cap{margin-top:8px}.elementor-widget-text-editor:not(.elementor-drop-cap-view-default) .elementor-drop-cap-letter{width:1em;height:1em}.elementor-widget-text-editor .elementor-drop-cap{float:left;text-align:center;line-height:1;font-size:50px}.elementor-widget-text-editor .elementor-drop-cap-letter{display:inline-block}<\/style>\t\t\t\t<h1>Menu de la f\u00eate des m\u00e8res 2026<\/h1><p class=\"ql-align-center\"><strong>Il est bient\u00f4t temps de f\u00eater maman ! Nous servirons notre menu traditionnel de la f\u00eate des m\u00e8res le dimanche 10.5.2026 de 11 heures \u00e0 19 heures.<\/strong><\/p><p class=\"ql-align-center\"><strong>Le nombre de d\u00eeners de la f\u00eate des m\u00e8res \u00e9tant limit\u00e9, il est conseill\u00e9 de r\u00e9server longtemps \u00e0 l'avance.<\/strong><\/p>\t\t\t\t\t\t<\/div>\n\t\t\t\t<\/div>\n\t\t<\/div><div class=\"elementor-element elementor-element-2ccfda0 e-container--column e-container\" data-id=\"2ccfda0\" data-element_type=\"container\">\t\t\t\t<div class=\"elementor-element elementor-element-31c5e6d elementor-align-center elementor-mobile-align-center elementor-widget elementor-widget-button\" data-id=\"31c5e6d\" data-element_type=\"widget\" data-widget_type=\"button.default\">\n\t\t\t\t<div class=\"elementor-widget-container\">\n\t\t\t\t\t<div class=\"elementor-button-wrapper\">\n\t\t\t<a href=\"#varaa\" class=\"elementor-button-link elementor-button elementor-size-lg\" role=\"button\">\n\t\t\t\t\t\t<span class=\"elementor-button-content-wrapper\">\n\t\t\t\t\t\t<span class=\"elementor-button-text\">faire une r\u00e9servation<\/span>\n\t\t<\/span>\n\t\t\t\t\t<\/a>\n\t\t<\/div>\n\t\t\t\t<\/div>\n\t\t\t\t<\/div>\n\t\t\t\t<div class=\"elementor-element elementor-element-735f3ae elementor-align-center elementor-mobile-align-center elementor-widget elementor-widget-button\" data-id=\"735f3ae\" data-element_type=\"widget\" data-widget_type=\"button.default\">\n\t\t\t\t<div class=\"elementor-widget-container\">\n\t\t\t\t\t<div class=\"elementor-button-wrapper\">\n\t\t\t<a href=\"#apmenu\" class=\"elementor-button-link elementor-button elementor-size-lg\" role=\"button\">\n\t\t\t\t\t\t<span class=\"elementor-button-content-wrapper\">\n\t\t\t\t\t\t<span class=\"elementor-button-text\">D\u00e9couvrez le contenu du menu<\/span>\n\t\t<\/span>\n\t\t\t\t\t<\/a>\n\t\t<\/div>\n\t\t\t\t<\/div>\n\t\t\t\t<\/div>\n\t\t\t\t<div class=\"elementor-element elementor-element-4ca6a22 elementor-align-center elementor-widget elementor-widget-button\" data-id=\"4ca6a22\" data-element_type=\"widget\" data-widget_type=\"button.default\">\n\t\t\t\t<div class=\"elementor-widget-container\">\n\t\t\t\t\t<div class=\"elementor-button-wrapper\">\n\t\t\t<a href=\"https:\/\/www.saaristonpuoti.fi\/tuote\/lahjakortti-aidille-aitienpaiva\/\" class=\"elementor-button-link elementor-button elementor-size-md\" role=\"button\">\n\t\t\t\t\t\t<span class=\"elementor-button-content-wrapper\">\n\t\t\t\t\t\t\t<span class=\"elementor-button-icon elementor-align-icon-left\">\n\t\t\t\t<i aria-hidden=\"true\" class=\"fas fa-heart\"><\/i>\t\t\t<\/span>\n\t\t\t\t\t\t<span class=\"elementor-button-text\">CARTE CADEAU POUR MAMAN<\/span>\n\t\t<\/span>\n\t\t\t\t\t<\/a>\n\t\t<\/div>\n\t\t\t\t<\/div>\n\t\t\t\t<\/div>\n\t\t<\/div><div class=\"elementor-element elementor-element-46c71b4 e-container--column e-container\" data-id=\"46c71b4\" data-element_type=\"container\" id=\"varaa\">\t\t<div class=\"elementor-element elementor-element-c5f42c5 e-container--column e-container\" data-id=\"c5f42c5\" data-element_type=\"container\">\t\t\t\t<div class=\"elementor-element elementor-element-87adb1e elementor-widget elementor-widget-shortcode\" data-id=\"87adb1e\" data-element_type=\"widget\" data-widget_type=\"shortcode.default\">\n\t\t\t\t<div class=\"elementor-widget-container\">\n\t\t\t\t\t<div class=\"elementor-shortcode\"><div class=\"latepoint-book-form-wrapper os-loading os_init_booking_form\" id=\"latepointBookForm_69eb7f32b0f7f\" data-show-services=\"3\" data-selected-agent=\"any\" data-hide-side-panel=\"no\" >\n\t\t\t\t\t\t<div class=\"latepoint-w latepoint-inline-form latepoint-show-side-panel\">\n\t\t\t\t\t\t\t<div class=\"latepoint-booking-form-element\">\n\t\t\t\t\t\t\t\t<div class=\"latepoint-side-panel\"><\/div>\n\t\t\t\t\t\t\t\t<div class=\"latepoint-form-w\"><\/div>\n\t\t\t\t\t\t\t<\/div>\n\t\t\t\t\t\t<\/div>\n\t\t\t\t\t<\/div><\/div>\n\t\t\t\t<\/div>\n\t\t\t\t<\/div>\n\t\t\t\t<div class=\"elementor-element elementor-element-0798b23 elementor-widget elementor-widget-spacer\" data-id=\"0798b23\" data-element_type=\"widget\" data-widget_type=\"spacer.default\">\n\t\t\t\t<div class=\"elementor-widget-container\">\n\t\t\t<style>\/*! elementor - v3.6.4 - 13-04-2022 *\/\n.e-container.e-container--row .elementor-spacer-inner{width:var(--spacer-size)}.e-container.e-container--column .elementor-spacer-inner,.elementor-column .elementor-spacer-inner{height:var(--spacer-size)}<\/style>\t\t<div class=\"elementor-spacer\">\n\t\t\t<div class=\"elementor-spacer-inner\"><\/div>\n\t\t<\/div>\n\t\t\t\t<\/div>\n\t\t\t\t<\/div>\n\t\t<\/div><\/div><div class=\"elementor-element elementor-element-20b5f91 e-container--column e-container\" data-id=\"20b5f91\" data-element_type=\"container\">\t\t\t\t<div class=\"elementor-element elementor-element-775abcd elementor-widget elementor-widget-text-editor\" data-id=\"775abcd\" data-element_type=\"widget\" id=\"apmenu\" data-widget_type=\"text-editor.default\">\n\t\t\t\t<div class=\"elementor-widget-container\">\n\t\t\t\t\t\t\t<p>\u2764\ufe0f \u2764\ufe0f \u2764\ufe0f \u2764\ufe0f \u2764\ufe0f \u2764\ufe0f \u2764\ufe0f \u2764\ufe0f \u2764\ufe0f \u2764\ufe0f<\/p><p>Menu F\u00eate des m\u00e8res 11.5.2026<\/p><p>\u2764\ufe0f \u2764\ufe0f \u2764\ufe0f \u2764\ufe0f \u2764\ufe0f \u2764\ufe0f \u2764\ufe0f \u2764\ufe0f \u2764\ufe0f \u2764\ufe0f<\/p><p>\ud83e\udd42 Vin mousseux original (12cl Codorn\u00edu Cl\u00e1sico Cava Sec Organic 11.5% ou alternative non alcoolis\u00e9e)<\/p><p>\u2764\ufe0f \u2764\ufe0f \u2764\ufe0f<\/p><p>\ud83c\udf74 Salade Puodi Ceasar pour le d\u00e9jeuner<\/p><p>\u2764\ufe0f \u2764\ufe0f \u2764\ufe0f<\/p><p>\ud83c\udf55 Pour le plat principal, une pizza au choix dans la liste.<\/p><p>\u2764\ufe0f \u2764\ufe0f \u2764\ufe0f<\/p><p>\u2615\ud83c\udf70 Dessert de la nouvelle carte des desserts de Puodi (choix de tiramisu, glace citron-yoghourt, caf\u00e9, th\u00e9 ou jus de fruit.<\/p><p>\u2764\ufe0f \u2764\ufe0f \u2764\ufe0f<\/p><p>Prix de la pr\u00e9-r\u00e9servation : 39,90 \u20ac\/personne (deux enfants pour le prix d'un lorsque la pizza est partag\u00e9e entre deux enfants). Les enfants peuvent \u00e9galement commander de la nourriture \u00e0 partir de la s\u00e9lection normale de la cuisine\/caf\u00e9 ou de la liste des enfants.<\/p><p>Faites plaisir \u00e0 maman et r\u00e9servez sur cette page ou par t\u00e9l\u00e9phone au <a href=\"tel:0453433403\">0453433403<\/a> \/ <a href=\"tel:0454900100\">0454900100<\/a>.<\/p><p>Ps. Le menu est \u00e9galement disponible sans gluten ou v\u00e9g\u00e9talien. Veuillez le mentionner ainsi que toute autre allergie lors de la r\u00e9servation \ud83d\ude0a<\/p><p>Pps. Pour ceux qui ont r\u00e9serv\u00e9 le menu de la f\u00eate des m\u00e8res, nous r\u00e9serverons une table \u00e0 l'int\u00e9rieur.<\/p>\t\t\t\t\t\t<\/div>\n\t\t\t\t<\/div>\n\t\t<\/div><div class=\"elementor-element elementor-element-521823f e-container--column e-container\" data-id=\"521823f\" data-element_type=\"container\">\t\t\t\t<div class=\"elementor-element elementor-element-12545ce elementor-align-center elementor-mobile-align-center elementor-widget elementor-widget-button\" data-id=\"12545ce\" data-element_type=\"widget\" data-widget_type=\"button.default\">\n\t\t\t\t<div class=\"elementor-widget-container\">\n\t\t\t\t\t<div class=\"elementor-button-wrapper\">\n\t\t\t<a href=\"#varaa\" class=\"elementor-button-link elementor-button elementor-size-lg\" role=\"button\">\n\t\t\t\t\t\t<span class=\"elementor-button-content-wrapper\">\n\t\t\t\t\t\t<span class=\"elementor-button-text\">faire une r\u00e9servation<\/span>\n\t\t<\/span>\n\t\t\t\t\t<\/a>\n\t\t<\/div>\n\t\t\t\t<\/div>\n\t\t\t\t<\/div>\n\t\t<\/div>\t\t\t\t\t<\/div>","protected":false},"excerpt":{"rendered":"<p>Menu de la f\u00eate des m\u00e8res 2025 Le moment de f\u00eater maman est presque arriv\u00e9 ! Nous servirons notre menu traditionnel de la f\u00eate des m\u00e8res le dimanche 11.5.2025 de 11 heures \u00e0 19 heures. Le nombre de menus de la f\u00eate des m\u00e8res \u00e9tant limit\u00e9, il est conseill\u00e9 de r\u00e9server bien \u00e0 l'avance. r\u00e9server Consultez le contenu du menu CARTE DE D\u00c9JEUNER POUR MAMAN \u2764\ufe0f \u2764\ufe0f \u2764\ufe0f \u2764\ufe0f \u2764\ufe0f \u2764\ufe0f \u2764\ufe0f \u2764\ufe0f \u2764\ufe0f \u2764\ufe0f \u2764\ufe0f Menu F\u00eate des M\u00e8res 11.5.2025 \u2764\ufe0f \u2764\ufe0f \u2764\ufe0f \u2764\ufe0f \u2764\ufe0f \u2764\ufe0f [...]<\/p>","protected":false},"author":1,"featured_media":0,"parent":0,"menu_order":0,"comment_status":"closed","ping_status":"closed","template":"","meta":{"_acf_changed":false,"footnotes":""},"class_list":["post-40540","page","type-page","status-publish","hentry"],"acf":[],"jetpack_sharing_enabled":true,"_links":{"self":[{"href":"https:\/\/www.saaristonpuoti.fi\/fr\/wp-json\/wp\/v2\/pages\/40540","targetHints":{"allow":["GET"]}}],"collection":[{"href":"https:\/\/www.saaristonpuoti.fi\/fr\/wp-json\/wp\/v2\/pages"}],"about":[{"href":"https:\/\/www.saaristonpuoti.fi\/fr\/wp-json\/wp\/v2\/types\/page"}],"author":[{"embeddable":true,"href":"https:\/\/www.saaristonpuoti.fi\/fr\/wp-json\/wp\/v2\/users\/1"}],"replies":[{"embeddable":true,"href":"https:\/\/www.saaristonpuoti.fi\/fr\/wp-json\/wp\/v2\/comments?post=40540"}],"version-history":[{"count":77,"href":"https:\/\/www.saaristonpuoti.fi\/fr\/wp-json\/wp\/v2\/pages\/40540\/revisions"}],"predecessor-version":[{"id":42339,"href":"https:\/\/www.saaristonpuoti.fi\/fr\/wp-json\/wp\/v2\/pages\/40540\/revisions\/42339"}],"wp:attachment":[{"href":"https:\/\/www.saaristonpuoti.fi\/fr\/wp-json\/wp\/v2\/media?parent=40540"}],"curies":[{"name":"wp","href":"https:\/\/api.w.org\/{rel}","templated":true}]}}