{"id":40245,"date":"2023-07-20T23:40:15","date_gmt":"2023-07-20T20:40:15","guid":{"rendered":"https:\/\/www.saaristonpuoti.fi\/?page_id=40245"},"modified":"2023-07-21T03:32:37","modified_gmt":"2023-07-21T00:32:37","slug":"pizza-tasting-elamys-saariston-puoti","status":"publish","type":"page","link":"https:\/\/www.saaristonpuoti.fi\/fr\/degustation-de-pizzas-elamys-island-shop\/","title":{"rendered":"21.7.2023 D\u00e9gustation de pizzas (vendredi)"},"content":{"rendered":"<div data-elementor-type=\"wp-page\" data-elementor-id=\"40245\" class=\"elementor elementor-40245\">\n\t\t\t\t\t\t\t<div class=\"elementor-element elementor-element-6b657a4a e-container--row e-container\" data-id=\"6b657a4a\" data-element_type=\"container\">\t\t<div class=\"elementor-element elementor-element-42a48ac9 e-container--column e-container\" data-id=\"42a48ac9\" data-element_type=\"container\">\t\t\t\t<div class=\"elementor-element elementor-element-595c949 elementor-widget elementor-widget-image\" data-id=\"595c949\" data-element_type=\"widget\" data-widget_type=\"image.default\">\n\t\t\t\t<div class=\"elementor-widget-container\">\n\t\t\t<style>\/*! elementor - v3.6.4 - 13-04-2022 *\/\n.elementor-widget-image{text-align:center}.elementor-widget-image a{display:inline-block}.elementor-widget-image a img[src$=\".svg\"]{width:48px}.elementor-widget-image img{vertical-align:middle;display:inline-block}<\/style>\t\t\t\t\t\t\t\t\t\t\t\t<img loading=\"lazy\" decoding=\"async\" width=\"1920\" height=\"550\" src=\"https:\/\/www.saaristonpuoti.fi\/wp-content\/uploads\/2023\/07\/kesa2023-1.png\" class=\"attachment-full size-full\" alt=\"D\u00e9gustation de pizzas Saariston Puoti\" srcset=\"https:\/\/www.saaristonpuoti.fi\/wp-content\/uploads\/2023\/07\/kesa2023-1.png 1920w, https:\/\/www.saaristonpuoti.fi\/wp-content\/uploads\/2023\/07\/kesa2023-1-300x86.png 300w, https:\/\/www.saaristonpuoti.fi\/wp-content\/uploads\/2023\/07\/kesa2023-1-1024x293.png 1024w, https:\/\/www.saaristonpuoti.fi\/wp-content\/uploads\/2023\/07\/kesa2023-1-768x220.png 768w, https:\/\/www.saaristonpuoti.fi\/wp-content\/uploads\/2023\/07\/kesa2023-1-1536x440.png 1536w, https:\/\/www.saaristonpuoti.fi\/wp-content\/uploads\/2023\/07\/kesa2023-1-600x172.png 600w, https:\/\/www.saaristonpuoti.fi\/wp-content\/uploads\/2023\/07\/kesa2023-1-64x18.png 64w\" sizes=\"auto, (max-width: 1920px) 100vw, 1920px\" \/>\t\t\t\t\t\t\t\t\t\t\t\t\t\t\t<\/div>\n\t\t\t\t<\/div>\n\t\t\t\t<div class=\"elementor-element elementor-element-48e9ff16 elementor-widget elementor-widget-heading\" data-id=\"48e9ff16\" data-element_type=\"widget\" data-widget_type=\"heading.default\">\n\t\t\t\t<div class=\"elementor-widget-container\">\n\t\t\t<style>\/*! elementor - v3.6.4 - 13-04-2022 *\/\n.elementor-heading-title{padding:0;margin:0;line-height:1}.elementor-widget-heading .elementor-heading-title[class*=elementor-size-]>a{color:inherit;font-size:inherit;line-height:inherit}.elementor-widget-heading .elementor-heading-title.elementor-size-small{font-size:15px}.elementor-widget-heading .elementor-heading-title.elementor-size-medium{font-size:19px}.elementor-widget-heading .elementor-heading-title.elementor-size-large{font-size:29px}.elementor-widget-heading .elementor-heading-title.elementor-size-xl{font-size:39px}.elementor-widget-heading .elementor-heading-title.elementor-size-xxl{font-size:59px}<\/style><h1 class=\"elementor-heading-title elementor-size-default\">21.7.2023 D\u00e9gustation de pizzas (vendredi)<\/h1>\t\t<\/div>\n\t\t\t\t<\/div>\n\t\t\t\t<div class=\"elementor-element elementor-element-7600c637 elementor-widget elementor-widget-text-editor\" data-id=\"7600c637\" data-element_type=\"widget\" data-widget_type=\"text-editor.default\">\n\t\t\t\t<div class=\"elementor-widget-container\">\n\t\t\t<style>\/*! elementor - v3.6.4 - 13-04-2022 *\/\n.elementor-widget-text-editor.elementor-drop-cap-view-stacked .elementor-drop-cap{background-color:#818a91;color:#fff}.elementor-widget-text-editor.elementor-drop-cap-view-framed .elementor-drop-cap{color:#818a91;border:3px solid;background-color:transparent}.elementor-widget-text-editor:not(.elementor-drop-cap-view-default) .elementor-drop-cap{margin-top:8px}.elementor-widget-text-editor:not(.elementor-drop-cap-view-default) .elementor-drop-cap-letter{width:1em;height:1em}.elementor-widget-text-editor .elementor-drop-cap{float:left;text-align:center;line-height:1;font-size:50px}.elementor-widget-text-editor .elementor-drop-cap-letter{display:inline-block}<\/style>\t\t\t\t<h2 id=\"tasting\">D\u00e9gustation de pizzas - NOUVEAU POUR L'\u00c9T\u00c9 2023 !<\/h2><p>Hiio hoi ! Aujourd'hui, vendredi 21.7., vous pouvez participer \u00e0 la nouvelle exp\u00e9rience de d\u00e9gustation de pizzas de Puodi !<\/p><p>Pendant l'exp\u00e9rience compl\u00e8te, nous proposons six pizzas diff\u00e9rentes de la carte (1\/6 tranches = 1 pizza enti\u00e8re par diner) \ud83c\udf55 En outre, l'exp\u00e9rience de d\u00e9gustation comprend des amuse-bouche, un ap\u00e9ritif, un dessert et un caf\u00e9.<\/p><p>R\u00e9servation pr\u00e9alable requise. Les r\u00e9servations peuvent \u00eatre effectu\u00e9es sur notre site web <a href=\"#varaus\">\u00e0 partir de ce lien<\/a> ou par t\u00e9l\u00e9phone au <a href=\"\/t\u00e9l:+358454900100\/\">0454900100<\/a>.<\/p><p>Le service est organis\u00e9 par vagues, de sorte que tous les convives participant \u00e0 l'exp\u00e9rience peuvent commencer \u00e0 manger \u00e0 peu pr\u00e8s en m\u00eame temps.<\/p><h2>Le contenu de l'exp\u00e9rience de d\u00e9gustation de pizzas :<\/h2><p>Boisson (12cl Codorn\u00edu Cl\u00e1sico Cava Sec Organic 11.5% ou alternative non alcoolis\u00e9e)<\/p><p>Puodin Antipasto (un assortiment de d\u00e9lices italiens) en entr\u00e9e<\/p><p>D\u00e9gustation de pizzas (servies en 1\/6 de tranche, une pizza enti\u00e8re par convive)<\/p><p>Pour le dessert, glace artisanale locale Vankkur et caf\u00e9\/th\u00e9.<\/p><p>La boisson est de l'eau de source (0,5L plo), d'autres boissons peuvent \u00eatre command\u00e9es sur place.<\/p><h3>\u00a0<\/h3><h3><strong>Le menu d\u00e9gustation comprend les pizzas suivantes :<\/strong><\/h3><p><strong>#12 - Enveloppe de fraise (Bianco)<\/strong><br \/><em>Smetana, fromage de ch\u00e8vre. Apr\u00e8s le four : fraises fra\u00eeches de la r\u00e9gion, roquette, sirop balsamique.<\/em><\/p><p><strong>#21 - Quattro Formaggi (Bianco)<\/strong><br \/><em>Mozzarella (fior di latte), gorgonzola, parmesan, fromage de ch\u00e8vre. Apr\u00e8s le four : confiture de betterave au gingembre de Nokia.<\/em><\/p><p><strong>#17 - Niveau suivant Marjoriitta<\/strong><br \/><em>Sauce tomate, mozzarella (fior di latte), parmesan, huile d'olive, basilic. Apr\u00e8s le four : roquette, mozzarella di bufala campana.<\/em><\/p><p><strong>#4 - Trois fromages et bacon croustillant (Bianco)<\/strong><br \/><em>Smetana, parmesan, fromage de ch\u00e8vre, fromage \u00e0 pizza, bacon, piment frais (VL).<\/em><\/p><p><strong>#3 - Pizza Salami<\/strong><br \/><em>Sauce tomate, salami napoli, sauce au parmesan, poivrons grill\u00e9s.<\/em><\/p><p><strong>#6 - Pizza \u00e0 la fum\u00e9e froide (Bianco)<\/strong><br \/><em>Un classique renouvel\u00e9 ! Smetana, oignon rouge. Apr\u00e8s le four : saumon fum\u00e9 froid, aneth frais, 1TP5Pain des \u00eeles cuit au four avec cro\u00fbtons.<\/em><\/p><h2>R\u00e9servez votre exp\u00e9rience ci-dessous, les places sont limit\u00e9es !<\/h2><p>L'exp\u00e9rience de la d\u00e9gustation de pizzas :<\/p><p>Vendredi 21.7.2023 \u00e0 18:30<\/p><p>Vendredi 21.7.2023 \u00e0 21:00<\/p><p>La d\u00e9gustation de pizzas dure environ 2,5 heures. Pendant la p\u00e9riode de d\u00e9gustation, le temps de traitement des commandes directes peut \u00eatre retard\u00e9, c'est pourquoi nous recommandons de r\u00e9server l'exp\u00e9rience de d\u00e9gustation en premier.<\/p><h2>Prix : 39\u20ac\/personne<\/h2>\t\t\t\t\t\t<\/div>\n\t\t\t\t<\/div>\n\t\t\t\t<div class=\"elementor-element elementor-element-37023d21 elementor-widget elementor-widget-shortcode\" data-id=\"37023d21\" data-element_type=\"widget\" id=\"varaus\" data-widget_type=\"shortcode.default\">\n\t\t\t\t<div class=\"elementor-widget-container\">\n\t\t\t\t\t<div class=\"elementor-shortcode\"><div class=\"latepoint-book-form-wrapper os-loading os_init_booking_form\" id=\"latepointBookForm_69dee6f941add\" data-selected-agent=\"any\" data-selected-service=\"2\" data-hide-side-panel=\"no\" >\n\t\t\t\t\t\t<div class=\"latepoint-w latepoint-inline-form latepoint-show-side-panel\">\n\t\t\t\t\t\t\t<div class=\"latepoint-booking-form-element\">\n\t\t\t\t\t\t\t\t<div class=\"latepoint-side-panel\"><\/div>\n\t\t\t\t\t\t\t\t<div class=\"latepoint-form-w\"><\/div>\n\t\t\t\t\t\t\t<\/div>\n\t\t\t\t\t\t<\/div>\n\t\t\t\t\t<\/div><\/div>\n\t\t\t\t<\/div>\n\t\t\t\t<\/div>\n\t\t\t\t<div class=\"elementor-element elementor-element-1b6edff8 elementor-widget elementor-widget-spacer\" data-id=\"1b6edff8\" data-element_type=\"widget\" id=\"ukk\" data-widget_type=\"spacer.default\">\n\t\t\t\t<div class=\"elementor-widget-container\">\n\t\t\t<style>\/*! elementor - v3.6.4 - 13-04-2022 *\/\n.e-container.e-container--row .elementor-spacer-inner{width:var(--spacer-size)}.e-container.e-container--column .elementor-spacer-inner,.elementor-column .elementor-spacer-inner{height:var(--spacer-size)}<\/style>\t\t<div class=\"elementor-spacer\">\n\t\t\t<div class=\"elementor-spacer-inner\"><\/div>\n\t\t<\/div>\n\t\t\t\t<\/div>\n\t\t\t\t<\/div>\n\t\t<\/div><\/div>\t\t\t\t\t<\/div>","protected":false},"excerpt":{"rendered":"<p>D\u00e9gustation de pizzas - NOUVEAU POUR L'\u00c9T\u00c9 2023 ! Hiio hoi ! Aujourd'hui vendredi 21.7. vous pouvez participer \u00e0 la nouvelle exp\u00e9rience de d\u00e9gustation de pizzas au Puodi ! Pendant l'exp\u00e9rience de d\u00e9gustation, nous proposerons 6 pizzas diff\u00e9rentes du menu (1\/6 tranches = 1 pizza enti\u00e8re par diner) \ud83c\udf55 En outre, l'exp\u00e9rience de d\u00e9gustation comprend des amuse-bouches, une entr\u00e9e, un dessert et un caf\u00e9. R\u00e9servation pr\u00e9alable requise. La pr\u00e9-r\u00e9servation peut se faire sur notre site internet via ce lien ou [...]<\/p>","protected":false},"author":1,"featured_media":0,"parent":0,"menu_order":0,"comment_status":"closed","ping_status":"closed","template":"elementor_header_footer","meta":{"_acf_changed":false,"footnotes":""},"class_list":["post-40245","page","type-page","status-publish","hentry"],"acf":[],"jetpack_sharing_enabled":true,"_links":{"self":[{"href":"https:\/\/www.saaristonpuoti.fi\/fr\/wp-json\/wp\/v2\/pages\/40245","targetHints":{"allow":["GET"]}}],"collection":[{"href":"https:\/\/www.saaristonpuoti.fi\/fr\/wp-json\/wp\/v2\/pages"}],"about":[{"href":"https:\/\/www.saaristonpuoti.fi\/fr\/wp-json\/wp\/v2\/types\/page"}],"author":[{"embeddable":true,"href":"https:\/\/www.saaristonpuoti.fi\/fr\/wp-json\/wp\/v2\/users\/1"}],"replies":[{"embeddable":true,"href":"https:\/\/www.saaristonpuoti.fi\/fr\/wp-json\/wp\/v2\/comments?post=40245"}],"version-history":[{"count":20,"href":"https:\/\/www.saaristonpuoti.fi\/fr\/wp-json\/wp\/v2\/pages\/40245\/revisions"}],"predecessor-version":[{"id":40275,"href":"https:\/\/www.saaristonpuoti.fi\/fr\/wp-json\/wp\/v2\/pages\/40245\/revisions\/40275"}],"wp:attachment":[{"href":"https:\/\/www.saaristonpuoti.fi\/fr\/wp-json\/wp\/v2\/media?parent=40245"}],"curies":[{"name":"wp","href":"https:\/\/api.w.org\/{rel}","templated":true}]}}