{"id":40245,"date":"2023-07-20T23:40:15","date_gmt":"2023-07-20T20:40:15","guid":{"rendered":"https:\/\/www.saaristonpuoti.fi\/?page_id=40245"},"modified":"2023-07-21T03:32:37","modified_gmt":"2023-07-21T00:32:37","slug":"pizza-tasting-elamys-saariston-puoti","status":"publish","type":"page","link":"https:\/\/www.saaristonpuoti.fi\/en\/pizza-tasting-elamys-island-shop\/","title":{"rendered":"21.7.2023 Pizza Tasting experience (Friday)"},"content":{"rendered":"<div data-elementor-type=\"wp-page\" data-elementor-id=\"40245\" class=\"elementor elementor-40245\">\n\t\t\t\t\t\t\t<div class=\"elementor-element elementor-element-6b657a4a e-container--row e-container\" data-id=\"6b657a4a\" data-element_type=\"container\">\t\t<div class=\"elementor-element elementor-element-42a48ac9 e-container--column e-container\" data-id=\"42a48ac9\" data-element_type=\"container\">\t\t\t\t<div class=\"elementor-element elementor-element-595c949 elementor-widget elementor-widget-image\" data-id=\"595c949\" data-element_type=\"widget\" data-widget_type=\"image.default\">\n\t\t\t\t<div class=\"elementor-widget-container\">\n\t\t\t<style>\/*! elementor - v3.6.4 - 13-04-2022 *\/\n.elementor-widget-image{text-align:center}.elementor-widget-image a{display:inline-block}.elementor-widget-image a img[src$=\".svg\"]{width:48px}.elementor-widget-image img{vertical-align:middle;display:inline-block}<\/style>\t\t\t\t\t\t\t\t\t\t\t\t<img loading=\"lazy\" decoding=\"async\" width=\"1920\" height=\"550\" src=\"https:\/\/www.saaristonpuoti.fi\/wp-content\/uploads\/2023\/07\/kesa2023-1.png\" class=\"attachment-full size-full\" alt=\"Saariston Puoti Pizza Tasting\" srcset=\"https:\/\/www.saaristonpuoti.fi\/wp-content\/uploads\/2023\/07\/kesa2023-1.png 1920w, https:\/\/www.saaristonpuoti.fi\/wp-content\/uploads\/2023\/07\/kesa2023-1-300x86.png 300w, https:\/\/www.saaristonpuoti.fi\/wp-content\/uploads\/2023\/07\/kesa2023-1-1024x293.png 1024w, https:\/\/www.saaristonpuoti.fi\/wp-content\/uploads\/2023\/07\/kesa2023-1-768x220.png 768w, https:\/\/www.saaristonpuoti.fi\/wp-content\/uploads\/2023\/07\/kesa2023-1-1536x440.png 1536w, https:\/\/www.saaristonpuoti.fi\/wp-content\/uploads\/2023\/07\/kesa2023-1-600x172.png 600w, https:\/\/www.saaristonpuoti.fi\/wp-content\/uploads\/2023\/07\/kesa2023-1-64x18.png 64w\" sizes=\"auto, (max-width: 1920px) 100vw, 1920px\" \/>\t\t\t\t\t\t\t\t\t\t\t\t\t\t\t<\/div>\n\t\t\t\t<\/div>\n\t\t\t\t<div class=\"elementor-element elementor-element-48e9ff16 elementor-widget elementor-widget-heading\" data-id=\"48e9ff16\" data-element_type=\"widget\" data-widget_type=\"heading.default\">\n\t\t\t\t<div class=\"elementor-widget-container\">\n\t\t\t<style>\/*! elementor - v3.6.4 - 13-04-2022 *\/\n.elementor-heading-title{padding:0;margin:0;line-height:1}.elementor-widget-heading .elementor-heading-title[class*=elementor-size-]>a{color:inherit;font-size:inherit;line-height:inherit}.elementor-widget-heading .elementor-heading-title.elementor-size-small{font-size:15px}.elementor-widget-heading .elementor-heading-title.elementor-size-medium{font-size:19px}.elementor-widget-heading .elementor-heading-title.elementor-size-large{font-size:29px}.elementor-widget-heading .elementor-heading-title.elementor-size-xl{font-size:39px}.elementor-widget-heading .elementor-heading-title.elementor-size-xxl{font-size:59px}<\/style><h1 class=\"elementor-heading-title elementor-size-default\">21.7.2023 Pizza Tasting experience (Friday)<\/h1>\t\t<\/div>\n\t\t\t\t<\/div>\n\t\t\t\t<div class=\"elementor-element elementor-element-7600c637 elementor-widget elementor-widget-text-editor\" data-id=\"7600c637\" data-element_type=\"widget\" data-widget_type=\"text-editor.default\">\n\t\t\t\t<div class=\"elementor-widget-container\">\n\t\t\t<style>\/*! elementor - v3.6.4 - 13-04-2022 *\/\n.elementor-widget-text-editor.elementor-drop-cap-view-stacked .elementor-drop-cap{background-color:#818a91;color:#fff}.elementor-widget-text-editor.elementor-drop-cap-view-framed .elementor-drop-cap{color:#818a91;border:3px solid;background-color:transparent}.elementor-widget-text-editor:not(.elementor-drop-cap-view-default) .elementor-drop-cap{margin-top:8px}.elementor-widget-text-editor:not(.elementor-drop-cap-view-default) .elementor-drop-cap-letter{width:1em;height:1em}.elementor-widget-text-editor .elementor-drop-cap{float:left;text-align:center;line-height:1;font-size:50px}.elementor-widget-text-editor .elementor-drop-cap-letter{display:inline-block}<\/style>\t\t\t\t<h2 id=\"tasting\">Pizza Tasting experience - NEW FOR SUMMER 2023!<\/h2><p>Hiio hoi! Today, Friday 21.7., you can participate in the new Pizza Tasting experience at Puodi!<\/p><p>During the full experience, we offer six different pizzas from the menu (1\/6 slices = 1 whole pizza per diner) \ud83c\udf55 In addition, the tasting experience includes appetizers, appetizer, dessert and coffee.<\/p><p>Advance booking required. Advance booking can be made on our website <a href=\"#varaus\">from this link<\/a> or by phone on <a href=\"tel:+358454900100\">0454900100<\/a>.<\/p><p>Serving is organised in waves, so all diners participating in the experience can start eating at approximately the same time.<\/p><h2>The content of the Pizza Tasting experience:<\/h2><p>Drink (12cl Codorn\u00edu Cl\u00e1sico Cava Sec Organic 11.5% or non-alcoholic alternative)<\/p><p>Puoti's Antipasto (an assortment of Italian deli delicacies) for starters<\/p><p>Pizza Tasting (served 1\/6 slices, one whole pizza per diner)<\/p><p>For dessert, local artisan ice cream (Vankkurin J\u00e4\u00e4tel\u00f6), and coffee\/tea.<\/p><p>Drink is spring water (0,5L bottle), other drinks can be ordered on the spot.<\/p><h3>\u00a0<\/h3><h3><strong>The Tasting menu includes the following pizzas:<\/strong><\/h3><p><strong>#12 - Strawberry wrap (Bianco)<\/strong><br \/><em>Sour cream, goat cheese. After the oven: local fresh strawberries, arugula, balsamic syrup.<\/em><\/p><p><strong>#21 - Quattro Formaggi (Bianco)<\/strong><br \/><em>Mozzarella (fior di latte), gorgonzola, parmesan cheese, goat cheese. After the oven: beetroot ginger jam from Nokiakka (#local from Joensuu).<\/em><\/p><p><strong>#17 - Next Level Marjoriitta<\/strong><br \/><em>Tomato sauce, mozzarella (fior di latte), parmesan cheese, olive oil, basil. After oven: arugula, mozzarella di bufala campana.<\/em><\/p><p><strong>#4 - Three Cheeses &amp; Crispy Bacon (Bianco)<\/strong><br \/><em>Sour cream, parmesan cheese, goat cheese, pizza cheese, bacon, fresh chilli. (VL)<\/em><\/p><p><strong>#3 - Pizza Salami<\/strong><br \/><em>Tomato sauce, napoli salami, parmesan cheese sauce, grilled peppers.<\/em><\/p><p><strong>#6 - Cold smoke pizza (Bianco)<\/strong><br \/><em>A renewed classic! Sour cream, red onion. After the oven: cold smoked salmon, fresh dill, island bread croutons.<\/em><\/p><h2>Book your experience below, places are limited!<\/h2><p>The Pizza Tasting experience:<\/p><p>Friday 21.7.2023 at 18:30<\/p><p>Friday 21.7.2023 at 21:00<\/p><p>The Pizza Tasting experience lasts about 2.5 hours. During the tasting period, the processing time for direct orders may be delayed, so we recommend booking the tasting experience first.<\/p><h2>Price: 39\u20ac\/person<\/h2>\t\t\t\t\t\t<\/div>\n\t\t\t\t<\/div>\n\t\t\t\t<div class=\"elementor-element elementor-element-37023d21 elementor-widget elementor-widget-shortcode\" data-id=\"37023d21\" data-element_type=\"widget\" id=\"varaus\" data-widget_type=\"shortcode.default\">\n\t\t\t\t<div class=\"elementor-widget-container\">\n\t\t\t\t\t<div class=\"elementor-shortcode\"><div class=\"latepoint-book-form-wrapper os-loading os_init_booking_form\" id=\"latepointBookForm_69ded2caa87c5\" data-selected-agent=\"any\" data-selected-service=\"2\" data-hide-side-panel=\"no\" >\n\t\t\t\t\t\t<div class=\"latepoint-w latepoint-inline-form latepoint-show-side-panel\">\n\t\t\t\t\t\t\t<div class=\"latepoint-booking-form-element\">\n\t\t\t\t\t\t\t\t<div class=\"latepoint-side-panel\"><\/div>\n\t\t\t\t\t\t\t\t<div class=\"latepoint-form-w\"><\/div>\n\t\t\t\t\t\t\t<\/div>\n\t\t\t\t\t\t<\/div>\n\t\t\t\t\t<\/div><\/div>\n\t\t\t\t<\/div>\n\t\t\t\t<\/div>\n\t\t\t\t<div class=\"elementor-element elementor-element-1b6edff8 elementor-widget elementor-widget-spacer\" data-id=\"1b6edff8\" data-element_type=\"widget\" id=\"ukk\" data-widget_type=\"spacer.default\">\n\t\t\t\t<div class=\"elementor-widget-container\">\n\t\t\t<style>\/*! elementor - v3.6.4 - 13-04-2022 *\/\n.e-container.e-container--row .elementor-spacer-inner{width:var(--spacer-size)}.e-container.e-container--column .elementor-spacer-inner,.elementor-column .elementor-spacer-inner{height:var(--spacer-size)}<\/style>\t\t<div class=\"elementor-spacer\">\n\t\t\t<div class=\"elementor-spacer-inner\"><\/div>\n\t\t<\/div>\n\t\t\t\t<\/div>\n\t\t\t\t<\/div>\n\t\t<\/div><\/div>\t\t\t\t\t<\/div>","protected":false},"excerpt":{"rendered":"<p>Pizza Tasting experience - NEW FOR SUMMER 2023! Hiio hoi! Today Friday 21.7. you can participate in the new Pizza Tasting experience at the Puodi! During the tasting experience we will offer 6 different pizzas from the menu (1\/6 slices = 1 whole pizza per diner) \ud83c\udf55 In addition, the tasting experience includes appetizers, starter, dessert and coffee. Advance booking required. Pre-booking can be made on our website via this link or [...]<\/p>","protected":false},"author":1,"featured_media":0,"parent":0,"menu_order":0,"comment_status":"closed","ping_status":"closed","template":"elementor_header_footer","meta":{"_acf_changed":false,"footnotes":""},"class_list":["post-40245","page","type-page","status-publish","hentry"],"acf":[],"jetpack_sharing_enabled":true,"_links":{"self":[{"href":"https:\/\/www.saaristonpuoti.fi\/en\/wp-json\/wp\/v2\/pages\/40245","targetHints":{"allow":["GET"]}}],"collection":[{"href":"https:\/\/www.saaristonpuoti.fi\/en\/wp-json\/wp\/v2\/pages"}],"about":[{"href":"https:\/\/www.saaristonpuoti.fi\/en\/wp-json\/wp\/v2\/types\/page"}],"author":[{"embeddable":true,"href":"https:\/\/www.saaristonpuoti.fi\/en\/wp-json\/wp\/v2\/users\/1"}],"replies":[{"embeddable":true,"href":"https:\/\/www.saaristonpuoti.fi\/en\/wp-json\/wp\/v2\/comments?post=40245"}],"version-history":[{"count":20,"href":"https:\/\/www.saaristonpuoti.fi\/en\/wp-json\/wp\/v2\/pages\/40245\/revisions"}],"predecessor-version":[{"id":40275,"href":"https:\/\/www.saaristonpuoti.fi\/en\/wp-json\/wp\/v2\/pages\/40245\/revisions\/40275"}],"wp:attachment":[{"href":"https:\/\/www.saaristonpuoti.fi\/en\/wp-json\/wp\/v2\/media?parent=40245"}],"curies":[{"name":"wp","href":"https:\/\/api.w.org\/{rel}","templated":true}]}}