{"id":40540,"date":"2024-05-03T17:28:58","date_gmt":"2024-05-03T14:28:58","guid":{"rendered":"https:\/\/www.saaristonpuoti.fi\/?page_id=40540"},"modified":"2026-04-18T14:27:43","modified_gmt":"2026-04-18T11:27:43","slug":"aitienpaiva-menu","status":"publish","type":"page","link":"https:\/\/www.saaristonpuoti.fi\/de\/fence-keeping-menu-2024\/","title":{"rendered":"Men\u00fc zum Muttertag 2025"},"content":{"rendered":"<div data-elementor-type=\"wp-page\" data-elementor-id=\"40540\" class=\"elementor elementor-40540\">\n\t\t\t\t\t\t\t<div class=\"elementor-element elementor-element-4bf5cfa e-container--row e-container\" data-id=\"4bf5cfa\" data-element_type=\"container\">\t\t\t\t<div class=\"elementor-element elementor-element-37ec303 elementor-widget-mobile__width-inherit elementor-widget elementor-widget-text-editor\" data-id=\"37ec303\" data-element_type=\"widget\" data-widget_type=\"text-editor.default\">\n\t\t\t\t<div class=\"elementor-widget-container\">\n\t\t\t<style>\/*! elementor - v3.6.4 - 13-04-2022 *\/\n.elementor-widget-text-editor.elementor-drop-cap-view-stacked .elementor-drop-cap{background-color:#818a91;color:#fff}.elementor-widget-text-editor.elementor-drop-cap-view-framed .elementor-drop-cap{color:#818a91;border:3px solid;background-color:transparent}.elementor-widget-text-editor:not(.elementor-drop-cap-view-default) .elementor-drop-cap{margin-top:8px}.elementor-widget-text-editor:not(.elementor-drop-cap-view-default) .elementor-drop-cap-letter{width:1em;height:1em}.elementor-widget-text-editor .elementor-drop-cap{float:left;text-align:center;line-height:1;font-size:50px}.elementor-widget-text-editor .elementor-drop-cap-letter{display:inline-block}<\/style>\t\t\t\t<h1>Men\u00fc zum Muttertag 2026<\/h1><p class=\"ql-align-center\"><strong>Es ist fast an der Zeit, die Mutter zu feiern! Am Sonntag, den 10.5.2026, servieren wir von 11 bis 19 Uhr unser traditionelles Muttertagsmen\u00fc.<\/strong><\/p><p class=\"ql-align-center\"><strong>Es gibt nur eine begrenzte Anzahl von Muttertagsdinnern, also reservieren Sie rechtzeitig.<\/strong><\/p>\t\t\t\t\t\t<\/div>\n\t\t\t\t<\/div>\n\t\t<\/div><div class=\"elementor-element elementor-element-2ccfda0 e-container--column e-container\" data-id=\"2ccfda0\" data-element_type=\"container\">\t\t\t\t<div class=\"elementor-element elementor-element-31c5e6d elementor-align-center elementor-mobile-align-center elementor-widget elementor-widget-button\" data-id=\"31c5e6d\" data-element_type=\"widget\" data-widget_type=\"button.default\">\n\t\t\t\t<div class=\"elementor-widget-container\">\n\t\t\t\t\t<div class=\"elementor-button-wrapper\">\n\t\t\t<a href=\"#varaa\" class=\"elementor-button-link elementor-button elementor-size-lg\" role=\"button\">\n\t\t\t\t\t\t<span class=\"elementor-button-content-wrapper\">\n\t\t\t\t\t\t<span class=\"elementor-button-text\">eine Reservierung vornehmen<\/span>\n\t\t<\/span>\n\t\t\t\t\t<\/a>\n\t\t<\/div>\n\t\t\t\t<\/div>\n\t\t\t\t<\/div>\n\t\t\t\t<div class=\"elementor-element elementor-element-735f3ae elementor-align-center elementor-mobile-align-center elementor-widget elementor-widget-button\" data-id=\"735f3ae\" data-element_type=\"widget\" data-widget_type=\"button.default\">\n\t\t\t\t<div class=\"elementor-widget-container\">\n\t\t\t\t\t<div class=\"elementor-button-wrapper\">\n\t\t\t<a href=\"#apmenu\" class=\"elementor-button-link elementor-button elementor-size-lg\" role=\"button\">\n\t\t\t\t\t\t<span class=\"elementor-button-content-wrapper\">\n\t\t\t\t\t\t<span class=\"elementor-button-text\">Entdecken Sie den Inhalt des Men\u00fcs<\/span>\n\t\t<\/span>\n\t\t\t\t\t<\/a>\n\t\t<\/div>\n\t\t\t\t<\/div>\n\t\t\t\t<\/div>\n\t\t\t\t<div class=\"elementor-element elementor-element-4ca6a22 elementor-align-center elementor-widget elementor-widget-button\" data-id=\"4ca6a22\" data-element_type=\"widget\" data-widget_type=\"button.default\">\n\t\t\t\t<div class=\"elementor-widget-container\">\n\t\t\t\t\t<div class=\"elementor-button-wrapper\">\n\t\t\t<a href=\"https:\/\/www.saaristonpuoti.fi\/tuote\/lahjakortti-aidille-aitienpaiva\/\" class=\"elementor-button-link elementor-button elementor-size-md\" role=\"button\">\n\t\t\t\t\t\t<span class=\"elementor-button-content-wrapper\">\n\t\t\t\t\t\t\t<span class=\"elementor-button-icon elementor-align-icon-left\">\n\t\t\t\t<i aria-hidden=\"true\" class=\"fas fa-heart\"><\/i>\t\t\t<\/span>\n\t\t\t\t\t\t<span class=\"elementor-button-text\">GESCHENKKARTE F\u00dcR DIE MUTTER<\/span>\n\t\t<\/span>\n\t\t\t\t\t<\/a>\n\t\t<\/div>\n\t\t\t\t<\/div>\n\t\t\t\t<\/div>\n\t\t<\/div><div class=\"elementor-element elementor-element-46c71b4 e-container--column e-container\" data-id=\"46c71b4\" data-element_type=\"container\" id=\"varaa\">\t\t<div class=\"elementor-element elementor-element-c5f42c5 e-container--column e-container\" data-id=\"c5f42c5\" data-element_type=\"container\">\t\t\t\t<div class=\"elementor-element elementor-element-87adb1e elementor-widget elementor-widget-shortcode\" data-id=\"87adb1e\" data-element_type=\"widget\" data-widget_type=\"shortcode.default\">\n\t\t\t\t<div class=\"elementor-widget-container\">\n\t\t\t\t\t<div class=\"elementor-shortcode\"><div class=\"latepoint-book-form-wrapper os-loading os_init_booking_form\" id=\"latepointBookForm_69eb7f97d705a\" data-show-services=\"3\" data-selected-agent=\"any\" data-hide-side-panel=\"no\" >\n\t\t\t\t\t\t<div class=\"latepoint-w latepoint-inline-form latepoint-show-side-panel\">\n\t\t\t\t\t\t\t<div class=\"latepoint-booking-form-element\">\n\t\t\t\t\t\t\t\t<div class=\"latepoint-side-panel\"><\/div>\n\t\t\t\t\t\t\t\t<div class=\"latepoint-form-w\"><\/div>\n\t\t\t\t\t\t\t<\/div>\n\t\t\t\t\t\t<\/div>\n\t\t\t\t\t<\/div><\/div>\n\t\t\t\t<\/div>\n\t\t\t\t<\/div>\n\t\t\t\t<div class=\"elementor-element elementor-element-0798b23 elementor-widget elementor-widget-spacer\" data-id=\"0798b23\" data-element_type=\"widget\" data-widget_type=\"spacer.default\">\n\t\t\t\t<div class=\"elementor-widget-container\">\n\t\t\t<style>\/*! elementor - v3.6.4 - 13-04-2022 *\/\n.e-container.e-container--row .elementor-spacer-inner{width:var(--spacer-size)}.e-container.e-container--column .elementor-spacer-inner,.elementor-column .elementor-spacer-inner{height:var(--spacer-size)}<\/style>\t\t<div class=\"elementor-spacer\">\n\t\t\t<div class=\"elementor-spacer-inner\"><\/div>\n\t\t<\/div>\n\t\t\t\t<\/div>\n\t\t\t\t<\/div>\n\t\t<\/div><\/div><div class=\"elementor-element elementor-element-20b5f91 e-container--column e-container\" data-id=\"20b5f91\" data-element_type=\"container\">\t\t\t\t<div class=\"elementor-element elementor-element-775abcd elementor-widget elementor-widget-text-editor\" data-id=\"775abcd\" data-element_type=\"widget\" id=\"apmenu\" data-widget_type=\"text-editor.default\">\n\t\t\t\t<div class=\"elementor-widget-container\">\n\t\t\t\t\t\t\t<p>\u2764\ufe0f \u2764\ufe0f \u2764\ufe0f \u2764\ufe0f \u2764\ufe0f \u2764\ufe0f \u2764\ufe0f \u2764\ufe0f \u2764\ufe0f \u2764\ufe0f<\/p><p>Men\u00fc zum Muttertag 11.5.2026<\/p><p>\u2764\ufe0f \u2764\ufe0f \u2764\ufe0f \u2764\ufe0f \u2764\ufe0f \u2764\ufe0f \u2764\ufe0f \u2764\ufe0f \u2764\ufe0f \u2764\ufe0f<\/p><p>\ud83e\udd42 Original-Schaumwein (12cl Codorn\u00edu Cl\u00e1sico Cava Sec Organic 11.5% oder alkoholfreie Alternative)<\/p><p>\u2764\ufe0f \u2764\ufe0f \u2764\ufe0f<\/p><p>\ud83c\udf74 Puodi Ceasar Salat zum Mittagessen<\/p><p>\u2764\ufe0f \u2764\ufe0f \u2764\ufe0f<\/p><p>\ud83c\udf55 Als Hauptgericht eine Pizza Ihrer Wahl aus der Liste.<\/p><p>\u2764\ufe0f \u2764\ufe0f \u2764\ufe0f<\/p><p>\u2615\ud83c\udf70 Dessert aus der neuen Dessertkarte von Puodi (wahlweise Tiramisu, Zitronen-Joghurt-Eis, Kaffee, Tee oder Saft.<\/p><p>\u2764\ufe0f \u2764\ufe0f \u2764\ufe0f<\/p><p>Preis bei Vorbestellung: 39,90 \u20ac\/Person (zwei Kinder zum Preis von einem, wenn die Pizza von zwei Kindern geteilt wird). Alternativ k\u00f6nnen die Kinder auch Speisen aus dem normalen K\u00fcchen-\/Caf\u00e9angebot oder von der Kinderliste bestellen.<\/p><p>Verw\u00f6hnen Sie Ihre Mutter und reservieren Sie auf dieser Seite oder per Telefon unter <a href=\"tel:0453433403\">0453433403<\/a> \/ <a href=\"tel:0454900100\">0454900100<\/a>.<\/p><p>Ps. Das Men\u00fc ist auch glutenfrei oder vegan erh\u00e4ltlich. Bitte geben Sie diese und andere Allergien bei der Reservierung an \ud83d\ude0a.<\/p><p>Pps. F\u00fcr diejenigen, die das Muttertagsmen\u00fc gebucht haben, werden wir einen Tisch im Innenraum reservieren.<\/p>\t\t\t\t\t\t<\/div>\n\t\t\t\t<\/div>\n\t\t<\/div><div class=\"elementor-element elementor-element-521823f e-container--column e-container\" data-id=\"521823f\" data-element_type=\"container\">\t\t\t\t<div class=\"elementor-element elementor-element-12545ce elementor-align-center elementor-mobile-align-center elementor-widget elementor-widget-button\" data-id=\"12545ce\" data-element_type=\"widget\" data-widget_type=\"button.default\">\n\t\t\t\t<div class=\"elementor-widget-container\">\n\t\t\t\t\t<div class=\"elementor-button-wrapper\">\n\t\t\t<a href=\"#varaa\" class=\"elementor-button-link elementor-button elementor-size-lg\" role=\"button\">\n\t\t\t\t\t\t<span class=\"elementor-button-content-wrapper\">\n\t\t\t\t\t\t<span class=\"elementor-button-text\">eine Reservierung vornehmen<\/span>\n\t\t<\/span>\n\t\t\t\t\t<\/a>\n\t\t<\/div>\n\t\t\t\t<\/div>\n\t\t\t\t<\/div>\n\t\t<\/div>\t\t\t\t\t<\/div>","protected":false},"excerpt":{"rendered":"<p>Muttertagsmen\u00fc 2025 Die Zeit zum Feiern der Mutter ist fast gekommen! Am Sonntag, den 11.5.2025, servieren wir von 11 bis 19 Uhr unser traditionelles Muttertagsmen\u00fc. Die Anzahl der verf\u00fcgbaren Muttertagsmen\u00fcs ist begrenzt, daher sollten Sie rechtzeitig reservieren. Reservierung vornehmen Inhalt der Speisekarte LUNCH CARD FOR MOM \u2764\ufe0f \u2764\ufe0f \u2764\ufe0f \u2764\ufe0f \u2764\ufe0f \u2764\ufe0f \u2764\ufe0f \u2764\ufe0f \u2764\ufe0f \u2764\ufe0f \u2764\ufe0f Muttertagsmen\u00fc 11.5.2025 \u2764\ufe0f \u2764\ufe0f \u2764\ufe0f \u2764\ufe0f \u2764\ufe0f [...]<\/p>","protected":false},"author":1,"featured_media":0,"parent":0,"menu_order":0,"comment_status":"closed","ping_status":"closed","template":"","meta":{"_acf_changed":false,"footnotes":""},"class_list":["post-40540","page","type-page","status-publish","hentry"],"acf":[],"jetpack_sharing_enabled":true,"_links":{"self":[{"href":"https:\/\/www.saaristonpuoti.fi\/de\/wp-json\/wp\/v2\/pages\/40540","targetHints":{"allow":["GET"]}}],"collection":[{"href":"https:\/\/www.saaristonpuoti.fi\/de\/wp-json\/wp\/v2\/pages"}],"about":[{"href":"https:\/\/www.saaristonpuoti.fi\/de\/wp-json\/wp\/v2\/types\/page"}],"author":[{"embeddable":true,"href":"https:\/\/www.saaristonpuoti.fi\/de\/wp-json\/wp\/v2\/users\/1"}],"replies":[{"embeddable":true,"href":"https:\/\/www.saaristonpuoti.fi\/de\/wp-json\/wp\/v2\/comments?post=40540"}],"version-history":[{"count":77,"href":"https:\/\/www.saaristonpuoti.fi\/de\/wp-json\/wp\/v2\/pages\/40540\/revisions"}],"predecessor-version":[{"id":42339,"href":"https:\/\/www.saaristonpuoti.fi\/de\/wp-json\/wp\/v2\/pages\/40540\/revisions\/42339"}],"wp:attachment":[{"href":"https:\/\/www.saaristonpuoti.fi\/de\/wp-json\/wp\/v2\/media?parent=40540"}],"curies":[{"name":"wp","href":"https:\/\/api.w.org\/{rel}","templated":true}]}}