{"id":40245,"date":"2023-07-20T23:40:15","date_gmt":"2023-07-20T20:40:15","guid":{"rendered":"https:\/\/www.saaristonpuoti.fi\/?page_id=40245"},"modified":"2023-07-21T03:32:37","modified_gmt":"2023-07-21T00:32:37","slug":"pizza-tasting-elamys-saariston-puoti","status":"publish","type":"page","link":"https:\/\/www.saaristonpuoti.fi\/de\/pizza-tasting-elamys-island-shop\/","title":{"rendered":"21.7.2023 Pizza-Tasting-Erlebnis (Freitag)"},"content":{"rendered":"<div data-elementor-type=\"wp-page\" data-elementor-id=\"40245\" class=\"elementor elementor-40245\">\n\t\t\t\t\t\t\t<div class=\"elementor-element elementor-element-6b657a4a e-container--row e-container\" data-id=\"6b657a4a\" data-element_type=\"container\">\t\t<div class=\"elementor-element elementor-element-42a48ac9 e-container--column e-container\" data-id=\"42a48ac9\" data-element_type=\"container\">\t\t\t\t<div class=\"elementor-element elementor-element-595c949 elementor-widget elementor-widget-image\" data-id=\"595c949\" data-element_type=\"widget\" data-widget_type=\"image.default\">\n\t\t\t\t<div class=\"elementor-widget-container\">\n\t\t\t<style>\/*! elementor - v3.6.4 - 13-04-2022 *\/\n.elementor-widget-image{text-align:center}.elementor-widget-image a{display:inline-block}.elementor-widget-image a img[src$=\".svg\"]{width:48px}.elementor-widget-image img{vertical-align:middle;display:inline-block}<\/style>\t\t\t\t\t\t\t\t\t\t\t\t<img loading=\"lazy\" decoding=\"async\" width=\"1920\" height=\"550\" src=\"https:\/\/www.saaristonpuoti.fi\/wp-content\/uploads\/2023\/07\/kesa2023-1.png\" class=\"attachment-full size-full\" alt=\"Saariston Puoti Pizza Verkostung\" srcset=\"https:\/\/www.saaristonpuoti.fi\/wp-content\/uploads\/2023\/07\/kesa2023-1.png 1920w, https:\/\/www.saaristonpuoti.fi\/wp-content\/uploads\/2023\/07\/kesa2023-1-300x86.png 300w, https:\/\/www.saaristonpuoti.fi\/wp-content\/uploads\/2023\/07\/kesa2023-1-1024x293.png 1024w, https:\/\/www.saaristonpuoti.fi\/wp-content\/uploads\/2023\/07\/kesa2023-1-768x220.png 768w, https:\/\/www.saaristonpuoti.fi\/wp-content\/uploads\/2023\/07\/kesa2023-1-1536x440.png 1536w, https:\/\/www.saaristonpuoti.fi\/wp-content\/uploads\/2023\/07\/kesa2023-1-600x172.png 600w, https:\/\/www.saaristonpuoti.fi\/wp-content\/uploads\/2023\/07\/kesa2023-1-64x18.png 64w\" sizes=\"auto, (max-width: 1920px) 100vw, 1920px\" \/>\t\t\t\t\t\t\t\t\t\t\t\t\t\t\t<\/div>\n\t\t\t\t<\/div>\n\t\t\t\t<div class=\"elementor-element elementor-element-48e9ff16 elementor-widget elementor-widget-heading\" data-id=\"48e9ff16\" data-element_type=\"widget\" data-widget_type=\"heading.default\">\n\t\t\t\t<div class=\"elementor-widget-container\">\n\t\t\t<style>\/*! elementor - v3.6.4 - 13-04-2022 *\/\n.elementor-heading-title{padding:0;margin:0;line-height:1}.elementor-widget-heading .elementor-heading-title[class*=elementor-size-]>a{color:inherit;font-size:inherit;line-height:inherit}.elementor-widget-heading .elementor-heading-title.elementor-size-small{font-size:15px}.elementor-widget-heading .elementor-heading-title.elementor-size-medium{font-size:19px}.elementor-widget-heading .elementor-heading-title.elementor-size-large{font-size:29px}.elementor-widget-heading .elementor-heading-title.elementor-size-xl{font-size:39px}.elementor-widget-heading .elementor-heading-title.elementor-size-xxl{font-size:59px}<\/style><h1 class=\"elementor-heading-title elementor-size-default\">21.7.2023 Pizza-Tasting-Erlebnis (Freitag)<\/h1>\t\t<\/div>\n\t\t\t\t<\/div>\n\t\t\t\t<div class=\"elementor-element elementor-element-7600c637 elementor-widget elementor-widget-text-editor\" data-id=\"7600c637\" data-element_type=\"widget\" data-widget_type=\"text-editor.default\">\n\t\t\t\t<div class=\"elementor-widget-container\">\n\t\t\t<style>\/*! elementor - v3.6.4 - 13-04-2022 *\/\n.elementor-widget-text-editor.elementor-drop-cap-view-stacked .elementor-drop-cap{background-color:#818a91;color:#fff}.elementor-widget-text-editor.elementor-drop-cap-view-framed .elementor-drop-cap{color:#818a91;border:3px solid;background-color:transparent}.elementor-widget-text-editor:not(.elementor-drop-cap-view-default) .elementor-drop-cap{margin-top:8px}.elementor-widget-text-editor:not(.elementor-drop-cap-view-default) .elementor-drop-cap-letter{width:1em;height:1em}.elementor-widget-text-editor .elementor-drop-cap{float:left;text-align:center;line-height:1;font-size:50px}.elementor-widget-text-editor .elementor-drop-cap-letter{display:inline-block}<\/style>\t\t\t\t<h2 id=\"tasting\">Pizza-Tasting-Erlebnis - NEU IM SOMMER 2023!<\/h2><p>Hiio hoi! Heute, am Freitag, den 21.7., kannst du an der neuen Pizzaverkostung im Puodi teilnehmen!<\/p><p>W\u00e4hrend des vollst\u00e4ndigen Erlebnisses bieten wir sechs verschiedene Pizzen aus der Speisekarte an (1\/6 Scheiben = 1 ganze Pizza pro Gast) \ud83c\udf55 Au\u00dferdem umfasst das Degustationserlebnis Vorspeisen, Aperitif, Dessert und Kaffee.<\/p><p>Voranmeldung erforderlich. Vorbestellungen k\u00f6nnen auf unserer Website vorgenommen werden <a href=\"#varaus\">\u00fcber diesen Link<\/a> oder per Telefon unter <a href=\"Tel:+358454900100\">0454900100<\/a>.<\/p><p>Das Servieren wird in Wellen organisiert, so dass alle G\u00e4ste, die an dem Erlebnis teilnehmen, ungef\u00e4hr zur gleichen Zeit mit dem Essen beginnen k\u00f6nnen.<\/p><h2>Der Inhalt des Pizza-Tasting-Erlebnisses:<\/h2><p>Getr\u00e4nk (12cl Codorn\u00edu Cl\u00e1sico Cava Sec Organic 11.5% oder alkoholfreie Alternative)<\/p><p>Puodin Antipasto (eine Auswahl an italienischen Delikatessen) als Vorspeise<\/p><p>Pizza Degustation (serviert in 1\/6 Scheiben, eine ganze Pizza pro Gast)<\/p><p>Zum Nachtisch gibt es handwerklich hergestelltes Eis aus Vankkur und Kaffee\/Tee.<\/p><p>Das Getr\u00e4nk ist Quellwasser (0,5L plo), andere Getr\u00e4nke k\u00f6nnen vor Ort bestellt werden.<\/p><h3>\u00a0<\/h3><h3><strong>Das Degustationsmen\u00fc umfasst die folgenden Pizzen:<\/strong><\/h3><p><strong>#12 - Erdbeerpackung (Bianco)<\/strong><br \/><em>Smetana, Ziegenk\u00e4se. Nach dem Backen: frische Erdbeeren aus der Region, Rucola, Balsamico-Sirup.<\/em><\/p><p><strong>#21 - Quattro Formaggi (Wei\u00df)<\/strong><br \/><em>Mozzarella (fior di latte), Gorgonzola, Parmesank\u00e4se, Ziegenk\u00e4se. Nach dem Backen: Rote-Bete-Ingwer-Marmelade von Nokia.<\/em><\/p><p><strong>#17 - N\u00e4chste Stufe Marjoriitta<\/strong><br \/><em>Tomatensauce, Mozzarella (fior di latte), Parmesank\u00e4se, Oliven\u00f6l, Basilikum. Nach dem Backen: Rucola, Mozzarella di bufala campana.<\/em><\/p><p><strong>#4 - Drei K\u00e4sesorten und knuspriger Speck (Bianco)<\/strong><br \/><em>Smetana, Parmesank\u00e4se, Ziegenk\u00e4se, Pizzak\u00e4se, Speck, frischer Chili (VL)<\/em><\/p><p><strong>#3 - Pizza Salami<\/strong><br \/><em>Tomatensauce, Napoli-Salami, Parmesan, gegrillte Paprika.<\/em><\/p><p><strong>#6 - Kalt ger\u00e4ucherte Pizza (Bianco)<\/strong><br \/><em>Ein erneuerter Klassiker! Smetana, rote Zwiebel. Nach dem Ofen: kalter R\u00e4ucherlachs, frischer Dill, 1TP5Baked Insel Brot mit Croutons.<\/em><\/p><h2>Buchen Sie Ihr Erlebnis unten, die Pl\u00e4tze sind begrenzt!<\/h2><p>Das Erlebnis der Pizzaverkostung:<\/p><p>Freitag 21.7.2023 um 18:30<\/p><p>Freitag 21.7.2023 um 21:00<\/p><p>Die Pizzaverkostung dauert etwa 2,5 Stunden. W\u00e4hrend der Verkostungszeit kann sich die Bearbeitungszeit f\u00fcr direkte Bestellungen verz\u00f6gern, daher empfehlen wir, die Verkostung vorab zu buchen.<\/p><h2>Preis: 39\u20ac\/Person<\/h2>\t\t\t\t\t\t<\/div>\n\t\t\t\t<\/div>\n\t\t\t\t<div class=\"elementor-element elementor-element-37023d21 elementor-widget elementor-widget-shortcode\" data-id=\"37023d21\" data-element_type=\"widget\" id=\"varaus\" data-widget_type=\"shortcode.default\">\n\t\t\t\t<div class=\"elementor-widget-container\">\n\t\t\t\t\t<div class=\"elementor-shortcode\"><div class=\"latepoint-book-form-wrapper os-loading os_init_booking_form\" id=\"latepointBookForm_69def99e23c36\" data-selected-agent=\"any\" data-selected-service=\"2\" data-hide-side-panel=\"no\" >\n\t\t\t\t\t\t<div class=\"latepoint-w latepoint-inline-form latepoint-show-side-panel\">\n\t\t\t\t\t\t\t<div class=\"latepoint-booking-form-element\">\n\t\t\t\t\t\t\t\t<div class=\"latepoint-side-panel\"><\/div>\n\t\t\t\t\t\t\t\t<div class=\"latepoint-form-w\"><\/div>\n\t\t\t\t\t\t\t<\/div>\n\t\t\t\t\t\t<\/div>\n\t\t\t\t\t<\/div><\/div>\n\t\t\t\t<\/div>\n\t\t\t\t<\/div>\n\t\t\t\t<div class=\"elementor-element elementor-element-1b6edff8 elementor-widget elementor-widget-spacer\" data-id=\"1b6edff8\" data-element_type=\"widget\" id=\"ukk\" data-widget_type=\"spacer.default\">\n\t\t\t\t<div class=\"elementor-widget-container\">\n\t\t\t<style>\/*! elementor - v3.6.4 - 13-04-2022 *\/\n.e-container.e-container--row .elementor-spacer-inner{width:var(--spacer-size)}.e-container.e-container--column .elementor-spacer-inner,.elementor-column .elementor-spacer-inner{height:var(--spacer-size)}<\/style>\t\t<div class=\"elementor-spacer\">\n\t\t\t<div class=\"elementor-spacer-inner\"><\/div>\n\t\t<\/div>\n\t\t\t\t<\/div>\n\t\t\t\t<\/div>\n\t\t<\/div><\/div>\t\t\t\t\t<\/div>","protected":false},"excerpt":{"rendered":"<p>Pizza-Degustationserlebnis - NEU IM SOMMER 2023! Hiio hoi! Heute Freitag 21.7. k\u00f6nnt ihr am neuen Pizza Tasting Erlebnis im Puodi teilnehmen! W\u00e4hrend des Tasting-Erlebnisses werden wir 6 verschiedene Pizzen aus der Karte anbieten (1\/6 Scheiben = 1 ganze Pizza pro Gast) \ud83c\udf55 Au\u00dferdem beinhaltet das Tasting-Erlebnis Vorspeisen, Vorspeise, Dessert und Kaffee. Voranmeldung erforderlich. Die Vorbestellung kann auf unserer Website \u00fcber diesen Link erfolgen oder [...]<\/p>","protected":false},"author":1,"featured_media":0,"parent":0,"menu_order":0,"comment_status":"closed","ping_status":"closed","template":"elementor_header_footer","meta":{"_acf_changed":false,"footnotes":""},"class_list":["post-40245","page","type-page","status-publish","hentry"],"acf":[],"jetpack_sharing_enabled":true,"_links":{"self":[{"href":"https:\/\/www.saaristonpuoti.fi\/de\/wp-json\/wp\/v2\/pages\/40245","targetHints":{"allow":["GET"]}}],"collection":[{"href":"https:\/\/www.saaristonpuoti.fi\/de\/wp-json\/wp\/v2\/pages"}],"about":[{"href":"https:\/\/www.saaristonpuoti.fi\/de\/wp-json\/wp\/v2\/types\/page"}],"author":[{"embeddable":true,"href":"https:\/\/www.saaristonpuoti.fi\/de\/wp-json\/wp\/v2\/users\/1"}],"replies":[{"embeddable":true,"href":"https:\/\/www.saaristonpuoti.fi\/de\/wp-json\/wp\/v2\/comments?post=40245"}],"version-history":[{"count":20,"href":"https:\/\/www.saaristonpuoti.fi\/de\/wp-json\/wp\/v2\/pages\/40245\/revisions"}],"predecessor-version":[{"id":40275,"href":"https:\/\/www.saaristonpuoti.fi\/de\/wp-json\/wp\/v2\/pages\/40245\/revisions\/40275"}],"wp:attachment":[{"href":"https:\/\/www.saaristonpuoti.fi\/de\/wp-json\/wp\/v2\/media?parent=40245"}],"curies":[{"name":"wp","href":"https:\/\/api.w.org\/{rel}","templated":true}]}}